{"id":964,"date":"2015-05-07T13:27:36","date_gmt":"2015-05-07T13:27:36","guid":{"rendered":"http:\/\/test.haamichem.com\/about-us\/"},"modified":"2018-12-10T19:55:38","modified_gmt":"2018-12-10T19:55:38","slug":"hakkimizda","status":"publish","type":"page","link":"http:\/\/www.itotrans.com\/tr\/?page_id=964","title":{"rendered":"Hakkimizda"},"content":{"rendered":"<div id=\"pl-964\"  class=\"panel-layout\" ><div id=\"pg-964-0\"  class=\"panel-grid panel-no-style\" ><div id=\"pgc-964-0-0\"  class=\"panel-grid-cell\" ><div id=\"panel-964-0-0-0\" class=\"so-panel widget widget_black-studio-tinymce widget_black_studio_tinymce panel-first-child panel-last-child\" data-index=\"0\" ><div class=\"textwidget\"><p><img class=\"size-full wp-image-788\" src=\"http:\/\/www.itotrans.com\/wp-content\/uploads\/2017\/02\/logo.png\" alt=\"Navlun fiyati sorgula\" width=\"196\" height=\"53\" \/><\/p>\n<p><strong>\u0130.T.O TRANS uluslararas\u0131 ta\u015f\u0131mac\u0131l\u0131k<\/strong><\/p>\n<p><strong><a href=\"http:\/\/www.itotr.com\">I.T.O GRUOP<\/a> \u015firketinin bir yan kurulu\u015fu olan <a href=\"http:\/\/www.itotrans.com\">I.T.O TRANS<\/a> uluslararas\u0131 ta\u015f\u0131mac\u0131l\u0131k, tedarik zincirini tamamlamak ve multimodal ta\u015f\u0131mac\u0131l\u0131k geli\u015ftirmek amac\u0131yla hizmetlerini mal sahiplerine ula\u015ft\u0131rma hizmetleri sunmak \u00fczere 2013 y\u0131l\u0131nda T\u00fcrkiye'de yo\u011funla\u015ft\u0131rmak \u00fczere kurulmu\u015ftur. \u015eirket, T\u00fcrkiye'den \u0130ran'a, BDT \u00fclkelerine, Afganistan'a, Irak'a mal ta\u015f\u0131mac\u0131l\u0131\u011f\u0131nda \u00e7e\u015fitli demiryolu, karayolu, deniz ve hava ta\u015f\u0131mac\u0131l\u0131\u011f\u0131 y\u00f6ntemleri, rekabet\u00e7i fiyat ve ula\u015f\u0131m hizmetleri alanlar\u0131nda uzman g\u00fcc\u00fcn\u00fcn g\u00fcn\u00fcn bilgisi ve i\u015fleyi\u015fini kullan\u0131yor , T\u00fcrkiye ve tersi. Ayr\u0131ca, e\u015fyan\u0131n g\u00fcmr\u00fck nakil hizmeti, kargo sigortas\u0131 mektubu ve \u015firketin di\u011fer g\u00fcncel faaliyetleri i\u00e7in sigorta hizmetleri sunmaktad\u0131r.<\/strong><\/p>\n<p><strong>\u0130.T.O TRANS uluslar aras\u0131 ta\u015f\u0131mac\u0131l\u0131k, Bazargan'daki b\u00fcrosula m\u00fc\u015fterilerine y\u00fcksek kaliteli hizmet (h\u0131zl\u0131, g\u00fcvenli, ucuz) ve KAPIDAN KAPIYA sa\u011flayan en eski ula\u015f\u0131m \u015firketlerinden biridir.<\/strong><\/p>\n<p><strong>Bu \u015firketin itibar ve g\u00fcc\u00fc ile rekabet\u00e7i fiyat aral\u0131\u011f\u0131n\u0131n t\u00fcm\u00fc, \u015firkete her t\u00fcrl\u00fc e\u015fyay\u0131 ta\u015f\u0131mak i\u00e7in ideal bir se\u00e7im sa\u011flam\u0131\u015ft\u0131r. Tekliflerinizi, son se\u00e7imi tamamlamadan \u00f6nce I.T.O Trans'daki oranlarla tamamlay\u0131n, \u00e7\u00fcnk\u00fc \u00f6nerilen oranlar\u0131m\u0131z bizim yeteneklerini yans\u0131tacakt\u0131r.<\/strong><\/p>\n<p><strong>Uluslararas\u0131 Ta\u015f\u0131mac\u0131l\u0131k Etkinlikleri:<\/strong><\/p>\n<ul>\n<li><strong>Kara i\u00e7in d\u00fczenli ihracat ve ithalat hizmetleri sa\u011flanmas\u0131 (200 g\u00f6\u011f\u00fcs ve kamyonet, Forwarder forwarder ve Kariyer, Marine ve Air \u015feklinde t\u00fcm \u00fclkelere.<\/strong><\/li>\n<li><strong>\u0130ran'\u0131n her yerinde% 100 garanti ve teslimat ile m\u00fcmk\u00fcn olan en k\u0131sa s\u00fcrede kargo nakliyesi (tasfiye) ve ye\u015fil yaprak ta\u015f\u0131d\u0131.<\/strong><\/li>\n<li><strong>Konteyner Ta\u015f\u0131mac\u0131l\u0131\u011f\u0131 Yerinde Konteyner teslim etme olana\u011f\u0131 ile Transit \u0130thalat ve \u0130hracat Hizmetleri<\/strong><\/li>\n<li><strong>parsiyel (Grupaj) hizmetleri, petrokimya \u00fcr\u00fcnleri<\/strong><\/li>\n<li><strong>\u0130ran ve T\u00fcrkiye'nin t\u00fcm g\u00fcmr\u00fcklerinde depolama ve depo mallar\u0131 i\u00e7in liman ve tesislerin ta\u015f\u0131nmas\u0131 ve y\u00fcklenmesi, bo\u015falt\u0131lmas\u0131, temizlenmesi<\/strong><\/li>\n<li><strong>Standart d\u0131\u015f\u0131 teslimat, trafik, havai fi\u015fek vb. Ta\u015f\u0131mac\u0131l\u0131\u011f\u0131<\/strong><\/li>\n<\/ul>\n<p><img class=\"alignnone wp-image-2590 size-full\" src=\"http:\/\/www.itotrans.com\/wp-content\/uploads\/2015\/05\/slider01.jpg\" alt=\"\" width=\"982\" height=\"368\" \/><\/p>\n<p><img class=\"alignnone size-full wp-image-703\" src=\"http:\/\/www.itotrans.com\/wp-content\/uploads\/2016\/08\/logo_4.png\" alt=\"\" width=\"208\" height=\"98\" \/><img class=\"alignnone size-full wp-image-2587\" src=\"http:\/\/www.itotrans.com\/wp-content\/uploads\/2015\/05\/logolar-1.jpg\" alt=\"\" width=\"298\" height=\"108\" \/><\/p>\n<\/div><\/div><\/div><\/div><div id=\"pg-964-1\"  class=\"panel-grid panel-no-style\" ><div id=\"pgc-964-1-0\"  class=\"panel-grid-cell panel-grid-cell-empty\" ><\/div><div id=\"pgc-964-1-1\"  class=\"panel-grid-cell panel-grid-cell-empty panel-grid-cell-mobile-last\" ><\/div><div id=\"pgc-964-1-2\"  class=\"panel-grid-cell panel-grid-cell-empty\" ><\/div><\/div><div id=\"pg-964-2\"  class=\"panel-grid panel-no-style\" ><div id=\"pgc-964-2-0\"  class=\"panel-grid-cell panel-grid-cell-empty\" ><\/div><div id=\"pgc-964-2-1\"  class=\"panel-grid-cell panel-grid-cell-empty panel-grid-cell-mobile-last\" ><\/div><div id=\"pgc-964-2-2\"  class=\"panel-grid-cell panel-grid-cell-empty\" ><\/div><\/div><\/div>","protected":false},"excerpt":{"rendered":"<p>\u0130.T.O TRANS uluslararas\u0131 ta\u015f\u0131mac\u0131l\u0131k I.T.O GRUOP \u015firketinin bir yan kurulu\u015fu olan I.T.O TRANS uluslararas\u0131 ta\u015f\u0131mac\u0131l\u0131k, tedarik zincirini tamamlamak ve multimodal ta\u015f\u0131mac\u0131l\u0131k geli\u015ftirmek amac\u0131yla hizmetlerini mal sahiplerine ula\u015ft\u0131rma hizmetleri sunmak \u00fczere 2013 y\u0131l\u0131nda T\u00fcrkiye&#8217;de yo\u011funla\u015ft\u0131rmak \u00fczere kurulmu\u015ftur. \u015eirket, T\u00fcrkiye&#8217;den \u0130ran&#8217;a, BDT \u00fclkelerine, Afganistan&#8217;a, Irak&#8217;a mal ta\u015f\u0131mac\u0131l\u0131\u011f\u0131nda \u00e7e\u015fitli demiryolu, karayolu, deniz ve hava ta\u015f\u0131mac\u0131l\u0131\u011f\u0131 y\u00f6ntemleri, rekabet\u00e7i fiyat &hellip;<\/p>\n","protected":false},"author":2,"featured_media":1394,"parent":0,"menu_order":0,"comment_status":"closed","ping_status":"open","template":"","meta":[],"yst_prominent_words":[],"_links":{"self":[{"href":"http:\/\/www.itotrans.com\/tr\/index.php?rest_route=\/wp\/v2\/pages\/964"}],"collection":[{"href":"http:\/\/www.itotrans.com\/tr\/index.php?rest_route=\/wp\/v2\/pages"}],"about":[{"href":"http:\/\/www.itotrans.com\/tr\/index.php?rest_route=\/wp\/v2\/types\/page"}],"author":[{"embeddable":true,"href":"http:\/\/www.itotrans.com\/tr\/index.php?rest_route=\/wp\/v2\/users\/2"}],"replies":[{"embeddable":true,"href":"http:\/\/www.itotrans.com\/tr\/index.php?rest_route=%2Fwp%2Fv2%2Fcomments&post=964"}],"version-history":[{"count":24,"href":"http:\/\/www.itotrans.com\/tr\/index.php?rest_route=\/wp\/v2\/pages\/964\/revisions"}],"predecessor-version":[{"id":2770,"href":"http:\/\/www.itotrans.com\/tr\/index.php?rest_route=\/wp\/v2\/pages\/964\/revisions\/2770"}],"wp:featuredmedia":[{"embeddable":true,"href":"http:\/\/www.itotrans.com\/tr\/index.php?rest_route=\/wp\/v2\/media\/1394"}],"wp:attachment":[{"href":"http:\/\/www.itotrans.com\/tr\/index.php?rest_route=%2Fwp%2Fv2%2Fmedia&parent=964"}],"wp:term":[{"taxonomy":"yst_prominent_words","embeddable":true,"href":"http:\/\/www.itotrans.com\/tr\/index.php?rest_route=%2Fwp%2Fv2%2Fyst_prominent_words&post=964"}],"curies":[{"name":"wp","href":"https:\/\/api.w.org\/{rel}","templated":true}]}}