{"id":960,"date":"2016-07-26T06:37:34","date_gmt":"2016-07-26T06:37:34","guid":{"rendered":"http:\/\/test.haamichem.com\/%d8%ae%d8%af%d9%85%d8%a7%d8%aa-%d8%a8%d8%a7%d8%b2%d8%b1%da%af%d8%a7%d9%86%db%8c\/"},"modified":"2018-12-09T21:10:11","modified_gmt":"2018-12-09T21:10:11","slug":"gumrukleme","status":"publish","type":"page","link":"http:\/\/www.itotrans.com\/tr\/?page_id=960","title":{"rendered":"G\u00fcmr\u00fckleme"},"content":{"rendered":"<div id=\"pl-960\"  class=\"panel-layout\" ><div id=\"pg-960-0\"  class=\"panel-grid panel-no-style\" ><div id=\"pgc-960-0-0\"  class=\"panel-grid-cell\" ><div id=\"panel-960-0-0-0\" class=\"so-panel widget widget_black-studio-tinymce widget_black_studio_tinymce panel-first-child panel-last-child\" data-index=\"0\" ><div class=\"textwidget\"><p style=\"text-align: left;\"><strong>I.T.O Trans<\/strong>\u00a0hem iran ve ham t\u00fcrkiye'de g\u00fcmr\u00fckleme i\u015flerini anahtar teslim (Door to Door) olarak sunmaktad\u0131r.<\/p>\n<div class=\"list\">\n<div class=\"list-item\" style=\"text-align: left;\">\u2022\u00a0<a href=\"http:\/\/www.itotr.com\">\u0130thalat<\/a> G\u00fcmr\u00fck \u0130\u015flemlerih<\/div>\n<div class=\"list-item\" style=\"text-align: left;\">\u2022 \u0130hracat G\u00fcmr\u00fck \u0130\u015flemleri<\/div>\n<div class=\"list-item\" style=\"text-align: left;\">\u2022 Transit G\u00fcmr\u00fck \u0130\u015flemleri<\/div>\n<div class=\"list-item\" style=\"text-align: left;\">\u2022 Serbest B\u00f6lge G\u00fcmr\u00fck Uygulamalar\u0131<\/div>\n<div class=\"list-item\" style=\"text-align: left;\">\u2022 Serbest B\u00f6lge D\u0131\u015f Ticaret Uygulamalar\u0131 B\u00f6lgeye Mal Giri\u015fi, talep, stok takibi<\/div>\n<div class=\"list-item\" style=\"text-align: left;\">\u2022\u00a0 Dahilde i\u015fleme rejimi g\u00fcmr\u00fck i\u015flemleri ithalat, ihracat, belge kapatma, teminat \u00e7\u00f6z\u00fcm\u00fc d\u00fczenleme ve takibi<\/div>\n<div class=\"list-item\" style=\"text-align: left;\">\u2022 Antrepo G\u00fcmr\u00fck \u0130\u015flemleri<\/div>\n<div class=\"list-item\" style=\"text-align: left;\">\u2022 \u00d6zet Beyan G\u00fcmr\u00fck i\u015flemleri<\/div>\n<div class=\"list-item\" style=\"text-align: left;\">\u2022 E\u015fyan\u0131n K\u0131ymeti hakk\u0131ndaki bilgilendirme ve itiraz Dilek\u00e7eleri d\u00fczenleme ve takibi<\/div>\n<div class=\"list-item\" style=\"text-align: left;\">\u2022 Hari\u00e7te \u0130\u015flemi Rejimi G\u00fcmr\u00fck \u0130\u015flemleri<\/div>\n<div class=\"list-item\" style=\"text-align: left;\">\u2022 Ba\u011flay\u0131c\u0131 Tarife Bilgisi<\/div>\n<div class=\"list-item\" style=\"text-align: left;\">\u2022 Ba\u011flay\u0131c\u0131 Men\u015fe Bilgisi<\/div>\n<div class=\"list-item\" style=\"text-align: left;\">\u2022 \u0130l Tar\u0131m m\u00fcd\u00fcrl\u00fckleri kontrol belgeleri d\u00fczenleme ve takibi<\/div>\n<div class=\"list-item\" style=\"text-align: left;\">\u2022 Zirai Karantina m\u00fcd\u00fcrl\u00fc\u011f\u00fc sa\u011fl\u0131k sertifikalar\u0131 D\u00fczenleme ve takibi<\/div>\n<\/div>\n<\/div><\/div><\/div><div id=\"pgc-960-0-1\"  class=\"panel-grid-cell\" ><div id=\"panel-960-0-1-0\" class=\"so-panel widget widget_black-studio-tinymce widget_black_studio_tinymce panel-first-child panel-last-child\" data-index=\"1\" ><div class=\"textwidget\"><p><img class=\"alignnone size-full wp-image-691\" src=\"http:\/\/www.itotrans.com\/wp-content\/uploads\/2016\/07\/aplication.jpg\" alt=\"G\u00fcmr\u00fckleme\" width=\"800\" height=\"401\" \/><\/p>\n<p><figure id=\"attachment_2339\" aria-describedby=\"caption-attachment-2339\" style=\"width: 1023px\" class=\"wp-caption alignnone\"><img class=\"size-full wp-image-2339\" src=\"http:\/\/www.itotrans.com\/wp-content\/uploads\/2018\/05\/2915696A-A418-45A3-B0CC-CBCBC5A4CC98_w1023_r1_s.jpg\" alt=\"G\u00fcmr\u00fckleme\" width=\"1023\" height=\"575\" \/><figcaption id=\"caption-attachment-2339\" class=\"wp-caption-text\">TAHRAN'DA A\u00c7ILAN T\u00dcRK\u0130YE<\/figcaption><\/figure><\/p>\n<\/div><\/div><\/div><\/div><\/div>","protected":false},"excerpt":{"rendered":"<p>I.T.O.Trans \u015eirketinin profesyonel ve profesyonel kadrosu ile yapt\u0131\u011f\u0131 i\u015f hizmetleri \u015funlard\u0131r: Bazargan, Jolfa ve S\u00f6llan g\u00fcmr\u00fck ve s\u0131n\u0131r pazar\u0131n\u0131n temizlenmesi Sari Su T\u00fcrkiye&#8217;de ithalat i\u00e7in mal aramas\u0131 yap\u0131n<\/p>\n","protected":false},"author":2,"featured_media":691,"parent":0,"menu_order":0,"comment_status":"closed","ping_status":"closed","template":"","meta":[],"yst_prominent_words":[],"_links":{"self":[{"href":"http:\/\/www.itotrans.com\/tr\/index.php?rest_route=\/wp\/v2\/pages\/960"}],"collection":[{"href":"http:\/\/www.itotrans.com\/tr\/index.php?rest_route=\/wp\/v2\/pages"}],"about":[{"href":"http:\/\/www.itotrans.com\/tr\/index.php?rest_route=\/wp\/v2\/types\/page"}],"author":[{"embeddable":true,"href":"http:\/\/www.itotrans.com\/tr\/index.php?rest_route=\/wp\/v2\/users\/2"}],"replies":[{"embeddable":true,"href":"http:\/\/www.itotrans.com\/tr\/index.php?rest_route=%2Fwp%2Fv2%2Fcomments&post=960"}],"version-history":[{"count":22,"href":"http:\/\/www.itotrans.com\/tr\/index.php?rest_route=\/wp\/v2\/pages\/960\/revisions"}],"predecessor-version":[{"id":2707,"href":"http:\/\/www.itotrans.com\/tr\/index.php?rest_route=\/wp\/v2\/pages\/960\/revisions\/2707"}],"wp:featuredmedia":[{"embeddable":true,"href":"http:\/\/www.itotrans.com\/tr\/index.php?rest_route=\/wp\/v2\/media\/691"}],"wp:attachment":[{"href":"http:\/\/www.itotrans.com\/tr\/index.php?rest_route=%2Fwp%2Fv2%2Fmedia&parent=960"}],"wp:term":[{"taxonomy":"yst_prominent_words","embeddable":true,"href":"http:\/\/www.itotrans.com\/tr\/index.php?rest_route=%2Fwp%2Fv2%2Fyst_prominent_words&post=960"}],"curies":[{"name":"wp","href":"https:\/\/api.w.org\/{rel}","templated":true}]}}