{"id":892,"date":"2015-04-23T11:04:51","date_gmt":"2015-04-23T11:04:51","guid":{"rendered":"http:\/\/test.haamichem.com\/services\/"},"modified":"2018-04-16T12:32:25","modified_gmt":"2018-04-16T12:32:25","slug":"hizmetler","status":"publish","type":"page","link":"http:\/\/www.itotrans.com\/tr\/?page_id=892","title":{"rendered":"Hizmetler"},"content":{"rendered":"<div id=\"pl-892\"  class=\"panel-layout\" ><div id=\"pg-892-0\"  class=\"panel-grid panel-no-style\" ><div id=\"pgc-892-0-0\"  class=\"panel-grid-cell\" ><div id=\"panel-892-0-0-0\" class=\"so-panel widget widget_pw_featured_page widget-featured-page panel-first-child panel-last-child\" data-index=\"0\" >\n\n\t<div class=\"page-box  page-box--block\">\n\t\t<a class=\"page-box__picture\" href=\"http:\/\/www.itotrans.com\/tr\/?page_id=1962\"><img width=\"360\" height=\"240\" src=\"http:\/\/www.itotrans.com\/wp-content\/uploads\/2015\/04\/565-tenda-360x240.jpg\" class=\"attachment-pw-page-box size-pw-page-box wp-post-image\" alt=\"karayolu tasimaciligi\" loading=\"lazy\" srcset=\"http:\/\/www.itotrans.com\/wp-content\/uploads\/2015\/04\/565-tenda-360x240.jpg 360w, http:\/\/www.itotrans.com\/wp-content\/uploads\/2015\/04\/565-tenda-272x182.jpg 272w\" sizes=\"(max-width: 360px) 100vw, 360px\" \/><\/a>\n\t\t<div class=\"page-box__content\">\n\t\t\t<h5 class=\"page-box__title  text-uppercase\"><a href=\"http:\/\/www.itotrans.com\/tr\/?page_id=1962\">karayolu Ta\u015f\u0131mac\u0131l\u0131\u011f\u0131<\/a><\/h5>\n\t\t\t<p>\u00a0I.T.O TRANS uluslararas\u0131 ta\u015f\u0131mac\u0131l\u0131k olarak\u00a0Kara ta\u015f\u0131mac\u0131l\u0131\u011f\u0131 (transit) ana hizmetlerinden biridir. \u015eirketimizin , en iyi nakliye &hellip;<\/p>\n\t\t\t\t<p><a href=\"http:\/\/www.itotrans.com\/tr\/?page_id=1962\" class=\"read-more  read-more--page-box\">Daha ayr\u0131nt\u0131l\u0131<\/a><\/p>\n\t\t<\/div>\n\t<\/div>\n\n<\/div><\/div><div id=\"pgc-892-0-1\"  class=\"panel-grid-cell\" ><div id=\"panel-892-0-1-0\" class=\"so-panel widget widget_pw_featured_page widget-featured-page panel-first-child panel-last-child\" data-index=\"1\" >\n\n\t<div class=\"page-box  page-box--block\">\n\t\t<a class=\"page-box__picture\" href=\"http:\/\/www.itotrans.com\/tr\/?page_id=1980\"><img width=\"360\" height=\"240\" src=\"http:\/\/www.itotrans.com\/wp-content\/uploads\/2015\/04\/banner-360x240.jpg\" class=\"attachment-pw-page-box size-pw-page-box wp-post-image\" alt=\"denizyolu tasimaciligi\" loading=\"lazy\" srcset=\"http:\/\/www.itotrans.com\/wp-content\/uploads\/2015\/04\/banner-360x240.jpg 360w, http:\/\/www.itotrans.com\/wp-content\/uploads\/2015\/04\/banner-272x182.jpg 272w\" sizes=\"(max-width: 360px) 100vw, 360px\" \/><\/a>\n\t\t<div class=\"page-box__content\">\n\t\t\t<h5 class=\"page-box__title  text-uppercase\"><a href=\"http:\/\/www.itotrans.com\/tr\/?page_id=1980\">Denizyolu Tas\u0131mac\u0131l\u0131g\u0131<\/a><\/h5>\n\t\t\t<p>Denizyolu Tasimaciligi I.T.O Trans uluslararas\u0131 Denizyolu Ta\u015f\u0131mac\u0131l\u0131\u011f\u0131,sekt\u00f6r\u00fcnde &lt;div &hellip;<\/p>\n\t\t\t\t<p><a href=\"http:\/\/www.itotrans.com\/tr\/?page_id=1980\" class=\"read-more  read-more--page-box\">Daha ayr\u0131nt\u0131l\u0131<\/a><\/p>\n\t\t<\/div>\n\t<\/div>\n\n<\/div><\/div><div id=\"pgc-892-0-2\"  class=\"panel-grid-cell\" ><div id=\"panel-892-0-2-0\" class=\"so-panel widget widget_pw_featured_page widget-featured-page panel-first-child panel-last-child\" data-index=\"2\" >\n\n\t<div class=\"page-box  page-box--block\">\n\t\t<a class=\"page-box__picture\" href=\"http:\/\/www.itotrans.com\/tr\/?page_id=1973\"><img width=\"360\" height=\"240\" src=\"http:\/\/www.itotrans.com\/wp-content\/uploads\/2015\/04\/32-360x240.jpg\" class=\"attachment-pw-page-box size-pw-page-box wp-post-image\" alt=\"Demiryolu ta\u015f\u0131mac\u0131l\u0131\u011f\u0131\" loading=\"lazy\" \/><\/a>\n\t\t<div class=\"page-box__content\">\n\t\t\t<h5 class=\"page-box__title  text-uppercase\"><a href=\"http:\/\/www.itotrans.com\/tr\/?page_id=1973\">Demiryolu ta\u015f\u0131mac\u0131l\u0131\u011f\u0131<\/a><\/h5>\n\t\t\t<p>Demiryolu ta\u015f\u0131mac\u0131l\u0131\u011f\u0131 Demiryolu ta\u015f\u0131mac\u0131l\u0131\u011f\u0131, mallar\u0131n uluslararas\u0131 nakliyesinin ba\u015fka bir yoludur. B\u00fcy\u00fck yararlara ra\u011fmen bug\u00fcn m\u00fc\u015fteriler i\u00e7in cazip de\u011fil. &hellip;<\/p>\n\t\t\t\t<p><a href=\"http:\/\/www.itotrans.com\/tr\/?page_id=1973\" class=\"read-more  read-more--page-box\">Daha ayr\u0131nt\u0131l\u0131<\/a><\/p>\n\t\t<\/div>\n\t<\/div>\n\n<\/div><\/div><\/div><div id=\"pg-892-1\"  class=\"panel-grid panel-no-style\" ><div id=\"pgc-892-1-0\"  class=\"panel-grid-cell\" ><div id=\"panel-892-1-0-0\" class=\"so-panel widget widget_pw_featured_page widget-featured-page panel-first-child panel-last-child\" data-index=\"3\" >\n\n\t<div class=\"page-box  page-box--block\">\n\t\t<a class=\"page-box__picture\" href=\"http:\/\/www.itotrans.com\/tr\/?page_id=1969\"><img width=\"360\" height=\"240\" src=\"http:\/\/www.itotrans.com\/wp-content\/uploads\/2015\/04\/4-360x240.jpg\" class=\"attachment-pw-page-box size-pw-page-box wp-post-image\" alt=\"Depolama\" loading=\"lazy\" \/><\/a>\n\t\t<div class=\"page-box__content\">\n\t\t\t<h5 class=\"page-box__title  text-uppercase\"><a href=\"http:\/\/www.itotrans.com\/tr\/?page_id=1969\">Depolama<\/a><\/h5>\n\t\t\t<p>Depolama Depolama I.T.O.TRANS'in \u0130stanbul'da 2 b\u00fcy\u00fck deposu bulunmakta ve Yurtd\u0131\u015f\u0131ndan &hellip;<\/p>\n\t\t\t\t<p><a href=\"http:\/\/www.itotrans.com\/tr\/?page_id=1969\" class=\"read-more  read-more--page-box\">Daha ayr\u0131nt\u0131l\u0131<\/a><\/p>\n\t\t<\/div>\n\t<\/div>\n\n<\/div><\/div><div id=\"pgc-892-1-1\"  class=\"panel-grid-cell\" ><div id=\"panel-892-1-1-0\" class=\"so-panel widget widget_pw_featured_page widget-featured-page panel-first-child panel-last-child\" data-index=\"4\" >\n\n\t<div class=\"page-box  page-box--block\">\n\t\t<a class=\"page-box__picture\" href=\"http:\/\/www.itotrans.com\/tr\/?page_id=1983\"><img width=\"360\" height=\"240\" src=\"http:\/\/www.itotrans.com\/wp-content\/uploads\/2015\/04\/28690-express-delivery-of-goods1-360x240.png\" class=\"attachment-pw-page-box size-pw-page-box wp-post-image\" alt=\"cargo\" loading=\"lazy\" \/><\/a>\n\t\t<div class=\"page-box__content\">\n\t\t\t<h5 class=\"page-box__title  text-uppercase\"><a href=\"http:\/\/www.itotrans.com\/tr\/?page_id=1983\">Parsiyel Ta\u015f\u0131mac\u0131l\u0131k<\/a><\/h5>\n\t\t\t<p>Parsiyel\u00a0Ta\u015f\u0131mac\u0131l\u0131k da ama\u00e7 ta\u015f\u0131ma fiyatlar\u0131n\u0131 m\u00fc\u015fteri i\u00e7in daha ekonomik hale getirmektir. Ayn\u0131 g\u00fczergahtaki birden fazla e\u015fyay\u0131 ayn\u0131 kamyon ile ta\u015f\u0131yarak ta\u015f\u0131man\u0131z\u0131 ekonomik hale getirebilirsiniz. &hellip;<\/p>\n\t\t\t\t<p><a href=\"http:\/\/www.itotrans.com\/tr\/?page_id=1983\" class=\"read-more  read-more--page-box\">Daha ayr\u0131nt\u0131l\u0131<\/a><\/p>\n\t\t<\/div>\n\t<\/div>\n\n<\/div><\/div><div id=\"pgc-892-1-2\"  class=\"panel-grid-cell\" ><div id=\"panel-892-1-2-0\" class=\"so-panel widget widget_pw_featured_page widget-featured-page panel-first-child panel-last-child\" data-index=\"5\" >\n\n\t<div class=\"page-box  page-box--block\">\n\t\t<a class=\"page-box__picture\" href=\"http:\/\/www.itotrans.com\/tr\/?page_id=1976\"><img width=\"360\" height=\"240\" src=\"http:\/\/www.itotrans.com\/wp-content\/uploads\/2015\/04\/air_services_banner-e1503653621730-360x240.jpg\" class=\"attachment-pw-page-box size-pw-page-box wp-post-image\" alt=\"Havayolu Ta\u015f\u0131mac\u0131l\u0131k \u062d\u0645\u0644 \u0648 \u0646\u0642\u0644 \u0647\u0648\u0627\u06cc\u06cc\" loading=\"lazy\" srcset=\"http:\/\/www.itotrans.com\/wp-content\/uploads\/2015\/04\/air_services_banner-e1503653621730-360x240.jpg 360w, http:\/\/www.itotrans.com\/wp-content\/uploads\/2015\/04\/air_services_banner-e1503653621730-272x182.jpg 272w\" sizes=\"(max-width: 360px) 100vw, 360px\" \/><\/a>\n\t\t<div class=\"page-box__content\">\n\t\t\t<h5 class=\"page-box__title  text-uppercase\"><a href=\"http:\/\/www.itotrans.com\/tr\/?page_id=1976\">Havayolu Ta\u015f\u0131mac\u0131l\u0131\u011f\u0131<\/a><\/h5>\n\t\t\t<p>&lt;div &hellip;<\/p>\n\t\t\t\t<p><a href=\"http:\/\/www.itotrans.com\/tr\/?page_id=1976\" class=\"read-more  read-more--page-box\">Daha ayr\u0131nt\u0131l\u0131<\/a><\/p>\n\t\t<\/div>\n\t<\/div>\n\n<\/div><\/div><\/div><\/div>","protected":false},"excerpt":{"rendered":"<p>karayolu Ta\u015f\u0131mac\u0131l\u0131\u011f\u0131 \u00a0I.T.O TRANS uluslararas\u0131 ta\u015f\u0131mac\u0131l\u0131k olarak\u00a0Kara ta\u015f\u0131mac\u0131l\u0131\u011f\u0131 (transit) ana hizmetlerinden biridir. \u015eirketimizin , en iyi nakliye &hellip; Daha ayr\u0131nt\u0131l\u0131 Denizyolu Tas\u0131mac\u0131l\u0131g\u0131 Denizyolu Tasimaciligi I.T.O Trans uluslararas\u0131 Denizyolu Ta\u015f\u0131mac\u0131l\u0131\u011f\u0131,sekt\u00f6r\u00fcnde &lt;div &hellip; Daha ayr\u0131nt\u0131l\u0131 Demiryolu ta\u015f\u0131mac\u0131l\u0131\u011f\u0131 Demiryolu ta\u015f\u0131mac\u0131l\u0131\u011f\u0131 Demiryolu ta\u015f\u0131mac\u0131l\u0131\u011f\u0131, mallar\u0131n uluslararas\u0131 nakliyesinin ba\u015fka bir yoludur. B\u00fcy\u00fck yararlara ra\u011fmen bug\u00fcn m\u00fc\u015fteriler i\u00e7in cazip de\u011fil. &hellip; Daha &hellip;<\/p>\n","protected":false},"author":2,"featured_media":2231,"parent":0,"menu_order":0,"comment_status":"closed","ping_status":"open","template":"","meta":[],"yst_prominent_words":[],"_links":{"self":[{"href":"http:\/\/www.itotrans.com\/tr\/index.php?rest_route=\/wp\/v2\/pages\/892"}],"collection":[{"href":"http:\/\/www.itotrans.com\/tr\/index.php?rest_route=\/wp\/v2\/pages"}],"about":[{"href":"http:\/\/www.itotrans.com\/tr\/index.php?rest_route=\/wp\/v2\/types\/page"}],"author":[{"embeddable":true,"href":"http:\/\/www.itotrans.com\/tr\/index.php?rest_route=\/wp\/v2\/users\/2"}],"replies":[{"embeddable":true,"href":"http:\/\/www.itotrans.com\/tr\/index.php?rest_route=%2Fwp%2Fv2%2Fcomments&post=892"}],"version-history":[{"count":18,"href":"http:\/\/www.itotrans.com\/tr\/index.php?rest_route=\/wp\/v2\/pages\/892\/revisions"}],"predecessor-version":[{"id":2235,"href":"http:\/\/www.itotrans.com\/tr\/index.php?rest_route=\/wp\/v2\/pages\/892\/revisions\/2235"}],"wp:featuredmedia":[{"embeddable":true,"href":"http:\/\/www.itotrans.com\/tr\/index.php?rest_route=\/wp\/v2\/media\/2231"}],"wp:attachment":[{"href":"http:\/\/www.itotrans.com\/tr\/index.php?rest_route=%2Fwp%2Fv2%2Fmedia&parent=892"}],"wp:term":[{"taxonomy":"yst_prominent_words","embeddable":true,"href":"http:\/\/www.itotrans.com\/tr\/index.php?rest_route=%2Fwp%2Fv2%2Fyst_prominent_words&post=892"}],"curies":[{"name":"wp","href":"https:\/\/api.w.org\/{rel}","templated":true}]}}