{"id":880,"date":"2015-06-10T08:53:58","date_gmt":"2015-06-10T08:53:58","guid":{"rendered":"http:\/\/test.haamichem.com\/extras\/tables\/"},"modified":"2018-08-14T13:07:37","modified_gmt":"2018-08-14T13:07:37","slug":"turkiyeden-irana-tasimacilik-tarifeleri","status":"publish","type":"page","link":"http:\/\/www.itotrans.com\/tr\/?page_id=880","title":{"rendered":"T\u00fcrkiye&#8217;den \u0130ran&#8217;a Ta\u015f\u0131mac\u0131l\u0131k tarifeleri"},"content":{"rendered":"<p dir=\"ltr\"><strong>T\u00fcrkiye&#8217;den \u0130ran&#8217;a Ta\u015f\u0131mac\u0131l\u0131k tarifeleri<\/strong><\/p>\n<p dir=\"ltr\">Bu haftan\u0131n fiyat tablosu<\/p>\n<p style=\"text-align: left;\">T\u00fcrkiye&#8217;den \u0130ran&#8217;a Ta\u015f\u0131mac\u0131l\u0131k tarifeleri<\/p>\n<p>&nbsp;<\/p>\n<p style=\"text-align: left;\"><img loading=\"lazy\" class=\"alignnone size-full wp-image-2644\" src=\"http:\/\/www.itotrans.com\/wp-content\/uploads\/2015\/06\/navlun.jpg\" alt=\"\" width=\"957\" height=\"677\" srcset=\"http:\/\/www.itotrans.com\/wp-content\/uploads\/2015\/06\/navlun.jpg 957w, http:\/\/www.itotrans.com\/wp-content\/uploads\/2015\/06\/navlun-600x424.jpg 600w, http:\/\/www.itotrans.com\/wp-content\/uploads\/2015\/06\/navlun-300x212.jpg 300w, http:\/\/www.itotrans.com\/wp-content\/uploads\/2015\/06\/navlun-768x543.jpg 768w, http:\/\/www.itotrans.com\/wp-content\/uploads\/2015\/06\/navlun-270x190.jpg 270w, http:\/\/www.itotrans.com\/wp-content\/uploads\/2015\/06\/navlun-100x70.jpg 100w\" sizes=\"(max-width: 957px) 100vw, 957px\" \/><\/p>\n","protected":false},"excerpt":{"rendered":"<p>T\u00fcrkiye&#8217;den \u0130ran&#8217;a Ta\u015f\u0131mac\u0131l\u0131k tarifeleri Bu haftan\u0131n fiyat tablosu T\u00fcrkiye&#8217;den \u0130ran&#8217;a Ta\u015f\u0131mac\u0131l\u0131k tarifeleri &nbsp;<\/p>\n","protected":false},"author":2,"featured_media":2357,"parent":0,"menu_order":0,"comment_status":"closed","ping_status":"open","template":"","meta":[],"yst_prominent_words":[],"_links":{"self":[{"href":"http:\/\/www.itotrans.com\/tr\/index.php?rest_route=\/wp\/v2\/pages\/880"}],"collection":[{"href":"http:\/\/www.itotrans.com\/tr\/index.php?rest_route=\/wp\/v2\/pages"}],"about":[{"href":"http:\/\/www.itotrans.com\/tr\/index.php?rest_route=\/wp\/v2\/types\/page"}],"author":[{"embeddable":true,"href":"http:\/\/www.itotrans.com\/tr\/index.php?rest_route=\/wp\/v2\/users\/2"}],"replies":[{"embeddable":true,"href":"http:\/\/www.itotrans.com\/tr\/index.php?rest_route=%2Fwp%2Fv2%2Fcomments&post=880"}],"version-history":[{"count":32,"href":"http:\/\/www.itotrans.com\/tr\/index.php?rest_route=\/wp\/v2\/pages\/880\/revisions"}],"predecessor-version":[{"id":2648,"href":"http:\/\/www.itotrans.com\/tr\/index.php?rest_route=\/wp\/v2\/pages\/880\/revisions\/2648"}],"wp:featuredmedia":[{"embeddable":true,"href":"http:\/\/www.itotrans.com\/tr\/index.php?rest_route=\/wp\/v2\/media\/2357"}],"wp:attachment":[{"href":"http:\/\/www.itotrans.com\/tr\/index.php?rest_route=%2Fwp%2Fv2%2Fmedia&parent=880"}],"wp:term":[{"taxonomy":"yst_prominent_words","embeddable":true,"href":"http:\/\/www.itotrans.com\/tr\/index.php?rest_route=%2Fwp%2Fv2%2Fyst_prominent_words&post=880"}],"curies":[{"name":"wp","href":"https:\/\/api.w.org\/{rel}","templated":true}]}}