{"id":866,"date":"2016-07-26T13:35:15","date_gmt":"2016-07-26T13:35:15","guid":{"rendered":"http:\/\/test.haamichem.com\/%d8%a7%d8%b1%d8%b3%d8%a7%d9%84-%d8%a8%d8%a7%d8%b1\/"},"modified":"2018-12-10T19:43:50","modified_gmt":"2018-12-10T19:43:50","slug":"parsiyel-tasimacilik-2","status":"publish","type":"page","link":"http:\/\/www.itotrans.com\/tr\/?page_id=866","title":{"rendered":"PARSIYEL TA\u015eIMACILIK"},"content":{"rendered":"<div id=\"pl-866\"  class=\"panel-layout\" ><div id=\"pg-866-0\"  class=\"panel-grid panel-no-style\" ><div id=\"pgc-866-0-0\"  class=\"panel-grid-cell panel-grid-cell-mobile-last\" ><div id=\"panel-866-0-0-0\" class=\"so-panel widget widget_black-studio-tinymce widget_black_studio_tinymce panel-first-child panel-last-child\" data-index=\"0\" ><h3 class=\"widget-title\"><span class=\"widget-title__inline\">PARS\u0130YEL TA\u015eIMACILIK<\/span><\/h3><div class=\"textwidget\"><p style=\"text-align: left;\"><strong>\u0130.T.O TRANS uluslararas\u0131 ta\u015f\u0131mac\u0131l\u0131k <\/strong>kendine ay\u0131t depo ve ek\u0131pmani ile parsiyel ta\u015f\u0131mada \u00f6nde gelen firmalardan biri . bu ta\u015f\u0131mada ama\u00e7 ta\u015f\u0131ma fiyatlar\u0131n\u0131 m\u00fc\u015fteri i\u00e7in daha ekonomik hale getirmektir. Ayn\u0131 g\u00fczergahtaki birden fazla e\u015fyay\u0131 ayn\u0131 kamyon ile ta\u015f\u0131yarak ta\u015f\u0131man\u0131z\u0131 ekonomik hale getirebilirsiniz. Parsiyel e\u015fya ta\u015f\u0131mac\u0131l\u0131\u011f\u0131nda \u00e7o\u011fu m\u00fc\u015fterinin en b\u00fcy\u00fck endi\u015fesi kendi e\u015fyalar\u0131n\u0131n di\u011fer e\u015fyalarla kar\u0131\u015fabilece\u011fi endi\u015fesidir. \u0130\u015fini muntazam yapan hi\u00e7bir nakliye firmas\u0131nda bu t\u00fcr kar\u0131\u015f\u0131kl\u0131klar\u0131n olmas\u0131 m\u00fcmk\u00fcn de\u011fildir. Firmam\u0131z T\u00fcrkiye\u2019nin t\u00fcm il ve il\u00e7elerinden parsiyel e\u015fya ta\u015f\u0131mac\u0131l\u0131\u011f\u0131n\u0131 \u0130stanbul \u00e7\u0131k\u0131\u015fl\u0131 yapmaktad\u0131r<\/p>\n<p style=\"text-align: left;\">Parsiyel \u0130ran;<\/p>\n<p style=\"text-align: left;\"><strong>\u0130.T.O TRANS uluslar aras\u0131 ta\u015f\u0131mac\u0131l\u0131k<\/strong>\u00a0\u00a0parsiyel \u0130ran nakliyesi talepleriniz ile ilgili olarak size bir telefon kadar yak\u0131n,standartlar\u0131ndan taviz vermeyen y\u00f6netim ve hizmet anlay\u0131\u015f\u0131 ile parsiyel emtialar\u0131n\u0131z\u0131 CMR \/FBL sigortas\u0131 teminat\u0131 alt\u0131nda g\u00fcven ile ta\u015f\u0131maktad\u0131r.<\/p>\n<p style=\"text-align: left;\">Tedarik zincirinde verimlili\u011fi misyon olarak belirlemi\u015f olan kurulu\u015fumuz, s\u00fcrecin her a\u015famas\u0131nda i\u015f ortaklar\u0131m\u0131z\u0131n talep ve ihtiya\u00e7lar\u0131na en uygun \u00e7\u00f6z\u00fcmler geli\u015ftirmeyi ve i\u015f ortaklar\u0131m\u0131za hizmet \u00fcretiminde \u00a0verimlilik temelli \u00e7\u00f6z\u00fcmler \u00fcretmeyi i\u015f merkezine koymaktad\u0131r.<\/p>\n<p style=\"text-align: left;\">Her \u00c7ar\u015famba ve Cuma g\u00fcnleri ,\u0130stanbul \u00e7\u0131k\u0131\u015fl\u0131 \u0130ran, Bazargan ,Zanjan,Qazv\u0131n,Jolfa,Urmia,Tebriz ve Tahran parsiyel servisimiz mevcuttur.<\/p>\n<p><img class=\"alignnone size-full wp-image-2511\" src=\"http:\/\/www.itotrans.com\/wp-content\/uploads\/2016\/07\/1111.jpg\" alt=\"Parsiyel Ta\u015f\u0131mac\u0131l\u0131\u011f\u0131\" width=\"982\" height=\"368\" \/><\/p>\n<\/div><\/div><\/div><div id=\"pgc-866-0-1\"  class=\"panel-grid-cell panel-grid-cell-empty\" ><\/div><\/div><\/div>","protected":false},"excerpt":{"rendered":"<p>PARS\u0130YEL TA\u015eIMACILIK\u0130.T.O TRANS uluslararas\u0131 ta\u015f\u0131mac\u0131l\u0131k kendine ay\u0131t depo ve ek\u0131pmani ile parsiyel ta\u015f\u0131mada \u00f6nde gelen firmalardan biri . bu ta\u015f\u0131mada ama\u00e7 ta\u015f\u0131ma fiyatlar\u0131n\u0131 m\u00fc\u015fteri i\u00e7in daha ekonomik hale getirmektir. Ayn\u0131 g\u00fczergahtaki birden fazla e\u015fyay\u0131 ayn\u0131 kamyon ile ta\u015f\u0131yarak ta\u015f\u0131man\u0131z\u0131 ekonomik hale getirebilirsiniz. Parsiyel e\u015fya ta\u015f\u0131mac\u0131l\u0131\u011f\u0131nda \u00e7o\u011fu m\u00fc\u015fterinin en b\u00fcy\u00fck endi\u015fesi kendi e\u015fyalar\u0131n\u0131n di\u011fer e\u015fyalarla kar\u0131\u015fabilece\u011fi &hellip;<\/p>\n","protected":false},"author":2,"featured_media":2511,"parent":0,"menu_order":0,"comment_status":"closed","ping_status":"closed","template":"","meta":[],"yst_prominent_words":[],"_links":{"self":[{"href":"http:\/\/www.itotrans.com\/tr\/index.php?rest_route=\/wp\/v2\/pages\/866"}],"collection":[{"href":"http:\/\/www.itotrans.com\/tr\/index.php?rest_route=\/wp\/v2\/pages"}],"about":[{"href":"http:\/\/www.itotrans.com\/tr\/index.php?rest_route=\/wp\/v2\/types\/page"}],"author":[{"embeddable":true,"href":"http:\/\/www.itotrans.com\/tr\/index.php?rest_route=\/wp\/v2\/users\/2"}],"replies":[{"embeddable":true,"href":"http:\/\/www.itotrans.com\/tr\/index.php?rest_route=%2Fwp%2Fv2%2Fcomments&post=866"}],"version-history":[{"count":35,"href":"http:\/\/www.itotrans.com\/tr\/index.php?rest_route=\/wp\/v2\/pages\/866\/revisions"}],"predecessor-version":[{"id":2766,"href":"http:\/\/www.itotrans.com\/tr\/index.php?rest_route=\/wp\/v2\/pages\/866\/revisions\/2766"}],"wp:featuredmedia":[{"embeddable":true,"href":"http:\/\/www.itotrans.com\/tr\/index.php?rest_route=\/wp\/v2\/media\/2511"}],"wp:attachment":[{"href":"http:\/\/www.itotrans.com\/tr\/index.php?rest_route=%2Fwp%2Fv2%2Fmedia&parent=866"}],"wp:term":[{"taxonomy":"yst_prominent_words","embeddable":true,"href":"http:\/\/www.itotrans.com\/tr\/index.php?rest_route=%2Fwp%2Fv2%2Fyst_prominent_words&post=866"}],"curies":[{"name":"wp","href":"https:\/\/api.w.org\/{rel}","templated":true}]}}