{"id":2345,"date":"2018-05-09T10:56:24","date_gmt":"2018-05-09T10:56:24","guid":{"rendered":"http:\/\/www.itotrans.com\/?page_id=2345\/"},"modified":"2018-05-09T13:20:50","modified_gmt":"2018-05-09T13:20:50","slug":"hs-code-gtip-nedir","status":"publish","type":"page","link":"http:\/\/www.itotrans.com\/tr\/?page_id=2345","title":{"rendered":"HS CODE (GT\u0130P) Nedir"},"content":{"rendered":"<h1 style=\"text-align: left;\">HS CODE (GT\u0130P) Nedir<\/h1>\n<p dir=\"ltr\">GT\u0130P, G\u00fcmr\u00fck Tarife \u0130statistik Pozisyonu\u2019nun k\u0131saltmas\u0131d\u0131r. \u00dclkemizde, genel olarak tarife cetvelinin yerine kullan\u0131lan GT\u0130P, asl\u0131nda T\u00fcrk G\u00fcmr\u00fck Tarife Cetveli\u2019nde 12 haneli koda verilen isimdir. GT\u0130P, \u0130ngilizce&#8217;de, HS Code, Customs Tariff, Harmonized Code veya Harmonized System olarak adland\u0131r\u0131lmaktad\u0131r.<\/p>\n<p dir=\"ltr\">GT\u0130P kodu t\u00fcm d\u00fcnyada 6 hanelidir. Bununla birlikte, her \u00fclke kendi ihtiya\u00e7lar\u0131na g\u00f6re 6 haneli koddan sonra 4 veya 6 haneli farkl\u0131 kodlar kullanabilmektedir.<\/p>\n<p dir=\"ltr\">T\u00fcm d\u00fcnyada, her \u00fclkenin tarife cetvelinin esas\u0131n\u0131 Armonize Sistem Nomankalt\u00fcr\u00fc (AS) olu\u015fturmaktad\u0131r. Nomankalt\u00fcr, uluslararas\u0131 kurallara ve yorumlara g\u00f6re uluslararas\u0131 ticarete konu olan t\u00fcm \u00fcr\u00fcnlerin sistematik olarak numaraland\u0131r\u0131lmas\u0131 veya isimlendirilmesi anlam\u0131na gelmektedir.<\/p>\n<p dir=\"ltr\">6 haneli kodlardan olu\u015fan Armonize Sistem, uluslararas\u0131 ticaret istatistikleri ve \u00fclkelerin g\u00fcmr\u00fck tarifeleri i\u00e7in evrensel bir temel te\u015fkil etmektedir. Resmi ad\u0131 Armonize Mal Tan\u0131m\u0131 ve Kodlama Sistemi (The Harmonized Commodity Description and Coding Systems) olan Armonize Sistem, uluslararas\u0131 ticarete konu olan t\u00fcm mallar i\u00e7in kullan\u0131lan uluslararas\u0131 bir ticari s\u0131n\u0131fland\u0131rma sistemidir. Armonize Sistem\u2019de ticarete konu t\u00fcm \u00fcr\u00fcnler belirli bir mant\u0131k ve sistematik \u00e7er\u00e7evesinde s\u0131n\u0131fland\u0131r\u0131lmaktad\u0131r. G\u00fcmr\u00fcklerde, \u00fcr\u00fcnler bu kodlar \u00fczerinden kay\u0131t alt\u0131na al\u0131nmaktad\u0131r. Ticarete konu olan e\u015fyalar g\u00fcmr\u00fckte i\u015flem g\u00f6r\u00fcrken bu kodlar \u00fczerinden i\u015flem g\u00f6rmektedir.\u00a0Armonize Sistem, \u00fcr\u00fcnler i\u00e7in evrensel bir ticaret dili, \u00fcr\u00fcn kodlamas\u0131 ve uluslararas\u0131 ticaret i\u00e7in vazge\u00e7ilmez bir ara\u00e7t\u0131r.<\/p>\n<p dir=\"ltr\">Armonize Sistem kodunun, \u00fcr\u00fcnlerin g\u00fcmr\u00fck i\u015flemlerindeki &#8220;kimlik numaras\u0131&#8221; oldu\u011fu da s\u00f6ylenebilir. GT\u0130P ise Armonize Sitemi esas alan ve ilk alt\u0131 (6) hanesi Armonize Sitemle ayn\u0131 olan T\u00fcrk G\u00fcmr\u00fck Tarife Cetvelindeki 12 haneli koda verilen isimdir. Her bir e\u015fya\/e\u015fya grubu i\u00e7in bir GT\u0130P kodu bulunmaktad\u0131r.<\/p>\n<p dir=\"ltr\">Armonize Sistem (Tarife Cetveli &#8211; GT\u0130P) 21 b\u00f6l\u00fcm ve 96 fas\u0131ldan olu\u015fan bir s\u0131n\u0131fland\u0131rma sistemidir. Fas\u0131l (\u0130ngilizce chapter olarak adland\u0131r\u0131lmaktad\u0131r), g\u00fcmr\u00fck tarife cetvelinde 2 haneli koda verilen isimdir. Fas\u0131llar 2 haneli kodlara, her bir fas\u0131l 4 haneli kod olan pozisyonlara ve her bir pozisyon ise 6 haneli kod olan alt pozisyonlara ayr\u0131lm\u0131\u015ft\u0131r. Ba\u015fka bir ifadeyle, 2 haneli kodlarla ifade edilen fas\u0131llara, 2&#8217;\u015fer hane eklenerek 4 haneli kodlar olan pozisyonlar ve pozisyonlara da 2&#8217;\u015fer hane eklenerek 6 haneli alt pozisyonlar olu\u015fturulmu\u015ftur.<\/p>\n<p dir=\"ltr\"><a href=\"http:\/\/www.en1090-2.org\/hs-code\">http:\/\/www.en1090-2.org\/hs-code<\/a><\/p>\n<p dir=\"ltr\"><a href=\"http:\/\/www.wcoomd.org\">http:\/\/www.wcoomd.org<\/a><\/p>\n<p dir=\"ltr\"><a href=\"http:\/\/www.hscode.org\">http:\/\/www.hscode.org<\/a><\/p>\n<p dir=\"ltr\"><a href=\"http:\/\/www.foreign-trade.com\/reference\/hscode.htm\">http:\/\/www.foreign-trade.com\/reference\/hscode.htm<\/a><\/p>\n<h1 dir=\"ltr\">HS CODE (GT\u0130P) Nedir<\/h1>\n<p dir=\"ltr\">\n","protected":false},"excerpt":{"rendered":"<p>HS CODE (GT\u0130P) Nedir GT\u0130P, G\u00fcmr\u00fck Tarife \u0130statistik Pozisyonu\u2019nun k\u0131saltmas\u0131d\u0131r. \u00dclkemizde, genel olarak tarife cetvelinin yerine kullan\u0131lan GT\u0130P, asl\u0131nda T\u00fcrk G\u00fcmr\u00fck Tarife Cetveli\u2019nde 12 haneli koda verilen isimdir. GT\u0130P, \u0130ngilizce&#8217;de, HS Code, Customs Tariff, Harmonized Code veya Harmonized System olarak adland\u0131r\u0131lmaktad\u0131r. GT\u0130P kodu t\u00fcm d\u00fcnyada 6 hanelidir. Bununla birlikte, her \u00fclke kendi ihtiya\u00e7lar\u0131na g\u00f6re 6 &hellip;<\/p>\n","protected":false},"author":2,"featured_media":2347,"parent":0,"menu_order":0,"comment_status":"closed","ping_status":"closed","template":"","meta":[],"yst_prominent_words":[],"_links":{"self":[{"href":"http:\/\/www.itotrans.com\/tr\/index.php?rest_route=\/wp\/v2\/pages\/2345"}],"collection":[{"href":"http:\/\/www.itotrans.com\/tr\/index.php?rest_route=\/wp\/v2\/pages"}],"about":[{"href":"http:\/\/www.itotrans.com\/tr\/index.php?rest_route=\/wp\/v2\/types\/page"}],"author":[{"embeddable":true,"href":"http:\/\/www.itotrans.com\/tr\/index.php?rest_route=\/wp\/v2\/users\/2"}],"replies":[{"embeddable":true,"href":"http:\/\/www.itotrans.com\/tr\/index.php?rest_route=%2Fwp%2Fv2%2Fcomments&post=2345"}],"version-history":[{"count":4,"href":"http:\/\/www.itotrans.com\/tr\/index.php?rest_route=\/wp\/v2\/pages\/2345\/revisions"}],"predecessor-version":[{"id":2352,"href":"http:\/\/www.itotrans.com\/tr\/index.php?rest_route=\/wp\/v2\/pages\/2345\/revisions\/2352"}],"wp:featuredmedia":[{"embeddable":true,"href":"http:\/\/www.itotrans.com\/tr\/index.php?rest_route=\/wp\/v2\/media\/2347"}],"wp:attachment":[{"href":"http:\/\/www.itotrans.com\/tr\/index.php?rest_route=%2Fwp%2Fv2%2Fmedia&parent=2345"}],"wp:term":[{"taxonomy":"yst_prominent_words","embeddable":true,"href":"http:\/\/www.itotrans.com\/tr\/index.php?rest_route=%2Fwp%2Fv2%2Fyst_prominent_words&post=2345"}],"curies":[{"name":"wp","href":"https:\/\/api.w.org\/{rel}","templated":true}]}}