{"id":1983,"date":"2018-02-20T12:20:09","date_gmt":"2018-02-20T12:20:09","guid":{"rendered":"http:\/\/www.itotrans.com\/?page_id=1983\/"},"modified":"2018-12-08T19:42:56","modified_gmt":"2018-12-08T19:42:56","slug":"parsiyel-tasimacilik","status":"publish","type":"page","link":"http:\/\/www.itotrans.com\/tr\/?page_id=1983","title":{"rendered":"Parsiyel Ta\u015f\u0131mac\u0131l\u0131k"},"content":{"rendered":"<p style=\"text-align: left;\">Parsiyel\u00a0Ta\u015f\u0131mac\u0131l\u0131k da ama\u00e7 ta\u015f\u0131ma fiyatlar\u0131n\u0131 m\u00fc\u015fteri i\u00e7in daha ekonomik hale getirmektir. Ayn\u0131 g\u00fczergahtaki birden fazla e\u015fyay\u0131 ayn\u0131 kamyon ile ta\u015f\u0131yarak ta\u015f\u0131man\u0131z\u0131 ekonomik hale getirebilirsiniz. Parsiyel e\u015fya ta\u015f\u0131mac\u0131l\u0131\u011f\u0131nda \u00e7o\u011fu m\u00fc\u015fterinin en b\u00fcy\u00fck endi\u015fesi kendi e\u015fyalar\u0131n\u0131n di\u011fer e\u015fyalarla kar\u0131\u015fabilece\u011fi endi\u015fesidir. \u0130\u015fini muntazam yapan hi\u00e7bir nakliye firmas\u0131nda bu t\u00fcr kar\u0131\u015f\u0131kl\u0131klar\u0131n olmas\u0131 m\u00fcmk\u00fcn de\u011fildir. Firmam\u0131z T\u00fcrkiye\u2019nin t\u00fcm il ve il\u00e7elerinden parsiyel e\u015fya ta\u015f\u0131mac\u0131l\u0131\u011f\u0131n\u0131 \u0130stanbul \u00e7\u0131k\u0131\u015fl\u0131 yapmaktad\u0131r<\/p>\n<p style=\"text-align: left;\">Parsiyel \u0130ran;<\/p>\n<p style=\"text-align: left;\"><strong>\u0130.T.O TRANS uluslar aras\u0131 ta\u015f\u0131mac\u0131l\u0131k<\/strong>\u00a0parsiyel \u0130ran nakliyesi talepleriniz ile ilgili olarak size bir telefon kadar yak\u0131n,standartlar\u0131ndan taviz vermeyen y\u00f6netim ve hizmet anlay\u0131\u015f\u0131 ile parsiyel emtialar\u0131n\u0131z\u0131 CMR \/FBL sigortas\u0131 teminat\u0131 alt\u0131nda g\u00fcven ile ta\u015f\u0131maktad\u0131r.<\/p>\n<p style=\"text-align: left;\"><span style=\"vertical-align: inherit;\"><span style=\"vertical-align: inherit;\">\u0632\u0646\u062c\u06cc\u0631\u0647 \u062a\u0627\u0645\u06cc\u0646 \u062f\u0631 \u0633\u0627\u0632\u0645\u0627\u0646 \u0645\u0627 \u0627\u0633\u062a \u06a9\u0647 \u0628\u0647 \u0639\u0646\u0648\u0627\u0646 \u0628\u0647\u0631\u0647 \u0648\u0631\u06cc \u0645\u0627\u0645\u0648\u0631\u06cc\u062a \u062e\u0648\u062f \u062f\u0631 \u0647\u0631 \u0645\u0631\u062d\u0644\u0647 \u0627\u0632 \u0645\u0637\u0627\u0644\u0628\u0627\u062a \u0631\u0648\u0646\u062f \u0646\u06cc\u0627\u0632\u0647\u0627\u06cc \u0634\u0631\u06a9\u0627\u06cc \u06a9\u0633\u0628 \u0648 \u06a9\u0627\u0631 \u0645\u0627 \u0631\u0627\u0647 \u0648 \u0628\u0647 \u0646\u0634\u0627\u0646 \u0645\u06cc \u062f\u0647\u062f \u06a9\u0647 \u0631\u0627\u0647 \u062d\u0644 \u0647\u0627\u06cc \u062a\u0648\u0633\u0639\u0647 \u0645\u0646\u0627\u0633\u0628 \u062a\u0631\u06cc\u0646 \u0648 \u06a9\u0627\u0631 \u062a\u0648\u0644\u06cc\u062f \u0631\u0627\u0647 \u062d\u0644 \u0647\u0627\u06cc \u0645\u0628\u062a\u0646\u06cc \u0628\u0647\u0631\u0647 \u0648\u0631\u06cc \u062f\u0631 \u062a\u0648\u0644\u06cc\u062f \u0627\u0632 \u062e\u062f\u0645\u0627\u062a \u0631\u0627 \u0628\u0647 \u0645\u0631\u06a9\u0632 \u06a9\u0633\u0628 \u0648 \u06a9\u0627\u0631 \u0645\u0634\u062a\u0631\u06a9 \u0645\u0627 \u0627\u0633\u062a.<\/span><\/span><\/p>\n<p style=\"text-align: left;\"><span style=\"vertical-align: inherit;\"><span style=\"vertical-align: inherit;\">\u0647\u0631 \u0686\u0647\u0627\u0631\u0634\u0646\u0628\u0647 \u0648 \u062c\u0645\u0639\u0647\u060c \u0627\u0633\u062a\u0627\u0646\u0628\u0648\u0644 \u0627\u0632 \u0627\u06cc\u0631\u0627\u0646\u060c \u0628\u0627\u0632\u0631\u06af\u0627\u0646\u060c \u0632\u0646\u062c\u0627\u0646\u060c \u0642\u0632\u0648\u06cc\u0646\u060c \u062c\u0644\u0641\u0627\u060c \u0627\u0631\u0648\u0645\u06cc\u0647\u060c \u062a\u0628\u0631\u06cc\u0632 \u0648 \u062a\u0647\u0631\u0627\u0646 \u062e\u062f\u0645\u0627\u062a \u062c\u0632\u0626\u06cc \u0645\u0648\u062c\u0648\u062f \u0627\u0633\u062a.<\/span><\/span><\/p>\n<div class=\"textwidget\" style=\"text-align: left;\"><\/div>\n<div id=\"pgc-940-1-1\" class=\"panel-grid-cell\" data-weight=\"0.5\">\n<div id=\"panel-940-1-1-0\" class=\"so-panel widget widget_black-studio-tinymce widget_black_studio_tinymce panel-first-child panel-last-child\" data-index=\"2\" data-style=\"{&quot;background_display&quot;:&quot;tile&quot;,&quot;featured_widgets&quot;:&quot;&quot;,&quot;bigger_title&quot;:&quot;&quot;}\">\n<figure id=\"attachment_688\" aria-describedby=\"caption-attachment-688\" style=\"width: 404px\" class=\"wp-caption alignnone\"><img loading=\"lazy\" class=\"wp-image-688 size-full\" style=\"font-size: 16px;\" src=\"http:\/\/www.itotrans.com\/wp-content\/uploads\/2015\/04\/28690-express-delivery-of-goods1.png\" alt=\"\u062d\u0645\u0644 \u0648 \u0646\u0642\u0644 \u062c\u0632\u0626\u06cc\" width=\"404\" height=\"246\" srcset=\"http:\/\/www.itotrans.com\/wp-content\/uploads\/2015\/04\/28690-express-delivery-of-goods1.png 404w, http:\/\/www.itotrans.com\/wp-content\/uploads\/2015\/04\/28690-express-delivery-of-goods1-300x183.png 300w\" sizes=\"(max-width: 404px) 100vw, 404px\" \/><figcaption id=\"caption-attachment-688\" class=\"wp-caption-text\"><span style=\"vertical-align: inherit;\"><span style=\"vertical-align: inherit;\">\u06cc\u0648\u0646\u0627\u06cc\u062a\u062f<\/span><\/span><\/figcaption><\/figure>\n<p style=\"text-align: left;\"><span style=\"vertical-align: inherit;\"><span style=\"vertical-align: inherit;\">ITO Trans\u060c <\/span><span style=\"vertical-align: inherit;\">\u06cc\u06a9 \u0634\u0631\u06a9\u062a \u062a\u0627\u0628\u0639\u0647 \u0627\u0632 <\/span><\/span><a href=\"http:\/\/www.itotr.com\"><span style=\"vertical-align: inherit;\"><span style=\"vertical-align: inherit;\">ITO GROUP<\/span><\/span><\/a><span style=\"vertical-align: inherit;\"><span style=\"vertical-align: inherit;\"> \u062d\u0645\u0644 \u0648 \u0646\u0642\u0644 \u067e\u0627\u0631\u0627\u06af\u0631\u0627\u0641 \u0627\u06cc\u0631\u0627\u0646 \u062d\u0645\u0644 \u0648 \u0646\u0642\u0644 \u0627\u0646\u0628\u0627\u0631 \u062d\u0645\u0644 \u0648 \u0646\u0642\u0644 \u062c\u0632\u0626\u06cc \u0627\u06cc\u0631\u0627\u0646 \u0627\u0633\u062a<\/span><\/span><\/p>\n<div class=\"textwidget\">\n<p style=\"text-align: left;\"><a class=\"btn btn-primary\" href=\"http:\/\/www.itotrans.com\/tr\/kargo-gonder\/\" target=\"_self\"><span style=\"vertical-align: inherit;\"><span style=\"vertical-align: inherit;\"><span style=\"vertical-align: inherit;\"><span style=\"vertical-align: inherit;\">\u062c\u0632\u0626\u06cc\u0627\u062a \u0628\u06cc\u0634\u062a\u0631<\/span><\/span><\/span><\/span><\/a><\/p>\n<\/div>\n<\/div>\n<\/div>\n","protected":false},"excerpt":{"rendered":"<p>Parsiyel\u00a0Ta\u015f\u0131mac\u0131l\u0131k da ama\u00e7 ta\u015f\u0131ma fiyatlar\u0131n\u0131 m\u00fc\u015fteri i\u00e7in daha ekonomik hale getirmektir. Ayn\u0131 g\u00fczergahtaki birden fazla e\u015fyay\u0131 ayn\u0131 kamyon ile ta\u015f\u0131yarak ta\u015f\u0131man\u0131z\u0131 ekonomik hale getirebilirsiniz. Parsiyel e\u015fya ta\u015f\u0131mac\u0131l\u0131\u011f\u0131nda \u00e7o\u011fu m\u00fc\u015fterinin en b\u00fcy\u00fck endi\u015fesi kendi e\u015fyalar\u0131n\u0131n di\u011fer e\u015fyalarla kar\u0131\u015fabilece\u011fi endi\u015fesidir. \u0130\u015fini muntazam yapan hi\u00e7bir nakliye firmas\u0131nda bu t\u00fcr kar\u0131\u015f\u0131kl\u0131klar\u0131n olmas\u0131 m\u00fcmk\u00fcn de\u011fildir. Firmam\u0131z T\u00fcrkiye\u2019nin t\u00fcm il ve &hellip;<\/p>\n","protected":false},"author":2,"featured_media":688,"parent":0,"menu_order":0,"comment_status":"closed","ping_status":"closed","template":"","meta":[],"yst_prominent_words":[],"_links":{"self":[{"href":"http:\/\/www.itotrans.com\/tr\/index.php?rest_route=\/wp\/v2\/pages\/1983"}],"collection":[{"href":"http:\/\/www.itotrans.com\/tr\/index.php?rest_route=\/wp\/v2\/pages"}],"about":[{"href":"http:\/\/www.itotrans.com\/tr\/index.php?rest_route=\/wp\/v2\/types\/page"}],"author":[{"embeddable":true,"href":"http:\/\/www.itotrans.com\/tr\/index.php?rest_route=\/wp\/v2\/users\/2"}],"replies":[{"embeddable":true,"href":"http:\/\/www.itotrans.com\/tr\/index.php?rest_route=%2Fwp%2Fv2%2Fcomments&post=1983"}],"version-history":[{"count":7,"href":"http:\/\/www.itotrans.com\/tr\/index.php?rest_route=\/wp\/v2\/pages\/1983\/revisions"}],"predecessor-version":[{"id":2704,"href":"http:\/\/www.itotrans.com\/tr\/index.php?rest_route=\/wp\/v2\/pages\/1983\/revisions\/2704"}],"wp:featuredmedia":[{"embeddable":true,"href":"http:\/\/www.itotrans.com\/tr\/index.php?rest_route=\/wp\/v2\/media\/688"}],"wp:attachment":[{"href":"http:\/\/www.itotrans.com\/tr\/index.php?rest_route=%2Fwp%2Fv2%2Fmedia&parent=1983"}],"wp:term":[{"taxonomy":"yst_prominent_words","embeddable":true,"href":"http:\/\/www.itotrans.com\/tr\/index.php?rest_route=%2Fwp%2Fv2%2Fyst_prominent_words&post=1983"}],"curies":[{"name":"wp","href":"https:\/\/api.w.org\/{rel}","templated":true}]}}