{"id":1980,"date":"2018-02-20T12:09:40","date_gmt":"2018-02-20T12:09:40","guid":{"rendered":"http:\/\/www.itotrans.com\/?page_id=1980\/"},"modified":"2018-07-23T13:15:25","modified_gmt":"2018-07-23T13:15:25","slug":"denizyolu-tasimaciligi","status":"publish","type":"page","link":"http:\/\/www.itotrans.com\/tr\/?page_id=1980","title":{"rendered":"Denizyolu Tas\u0131mac\u0131l\u0131g\u0131"},"content":{"rendered":"<h1 class=\"baslikserit\" style=\"text-align: left;\">Denizyolu Tasimaciligi<\/h1>\n<div class=\"wrapper\" style=\"text-align: left;\"><\/div>\n<p style=\"text-align: left;\">I.T.O Trans uluslararas\u0131 Denizyolu Ta\u015f\u0131mac\u0131l\u0131\u011f\u0131,sekt\u00f6r\u00fcnde<\/p>\n<div style=\"text-align: left;\">geni\u015f ve g\u00fc\u00e7l\u00fc acente a\u011f\u0131m\u0131z ile t\u00fcm T\u00fcrkiye\u2018den t\u00fcm d\u00fcnya limanlar\u0131na; t\u00fcm d\u00fcnya limanlar\u0131ndan t\u00fcm T\u00fcrkiye limanlar\u0131na; m\u00fc\u015fteri ihtiya\u00e7lar\u0131 do\u011frultusunda kap\u0131dan kap\u0131ya konteyner, parsiyel servis, a\u00e7\u0131k-d\u00f6kme y\u00fck, proje ta\u015f\u0131mac\u0131l\u0131\u011f\u0131, gemi kiralama gibi t\u00fcm deniz ve di\u011fer \u00a0nakliye hizmetlerini sunabilmektedir.<\/div>\n<div><\/div>\n<div style=\"text-align: left;\"><span style=\"font-family: 'Times New Roman', serif;\">\u00a0<\/span>\u00a0FCL\/LCL Konteyner, \u0130thalat \/ \u0130hracat Ta\u015f\u0131malar\u0131<br \/>\n<span style=\"font-family: Arial, Verdana;\">\u00a0T\u00fcrkiye Aktarmal\u0131 Transit Ta\u015f\u0131malar<\/span><br \/>\n<span style=\"font-family: Arial, Verdana;\">\u00a0\u00d6zel Konteyner Se\u00e7enekleri (Opentop, Flatrack, Reefer, ISO tank, \u2026 vb.)<\/span><br \/>\n<span style=\"font-family: Arial, Verdana;\">\u00a0G\u00fcvenilir,h\u0131zl\u0131 ve ekonomik hizmet<\/span><\/div>\n<p style=\"text-align: left;\">Sevk\u0131yat servisimizi kullanman\u0131n avantajlar\u0131 \u015funlard\u0131r<\/p>\n<p style=\"text-align: left;\">\u00a0Rekabet\u00e7i fiyatla g\u00fcvenli servis<br \/>\nK\u00fcresel hizmette y\u00fcksek standart<br \/>\nBelirli ve s\u00fcrekli ge\u00e7i\u015f s\u00fcresi (ge\u00e7i\u015f), ta\u015f\u0131ma zincirindeki t\u00fcm durumlar\u0131 i\u00e7erir<br \/>\nA\u015f\u0131r\u0131 performans \/ fiyat oran\u0131<br \/>\n\u00c7ok y\u00fcksek derecede esneklik<\/p>\n<div id=\"pgc-914-0-1\" class=\"panel-grid-cell\" data-weight=\"0.5\">\n<div id=\"panel-914-0-1-0\" class=\"so-panel widget widget_black-studio-tinymce widget_black_studio_tinymce panel-first-child panel-last-child\" data-index=\"1\" data-style=\"{&quot;background_display&quot;:&quot;tile&quot;,&quot;featured_widgets&quot;:&quot;&quot;,&quot;bigger_title&quot;:&quot;&quot;}\">\n<div class=\"textwidget\">\n<p style=\"text-align: left;\"><img loading=\"lazy\" class=\"alignnone size-full wp-image-577\" src=\"http:\/\/www.itotrans.com\/wp-content\/uploads\/2015\/04\/3be286c1.jpg\" alt=\"3be286c1\" width=\"848\" height=\"480\" srcset=\"http:\/\/www.itotrans.com\/wp-content\/uploads\/2015\/04\/3be286c1.jpg 848w, http:\/\/www.itotrans.com\/wp-content\/uploads\/2015\/04\/3be286c1-600x340.jpg 600w, http:\/\/www.itotrans.com\/wp-content\/uploads\/2015\/04\/3be286c1-300x170.jpg 300w, http:\/\/www.itotrans.com\/wp-content\/uploads\/2015\/04\/3be286c1-768x435.jpg 768w\" sizes=\"(max-width: 848px) 100vw, 848px\" \/><\/p>\n<p style=\"text-align: left;\"><img loading=\"lazy\" class=\"alignnone size-large wp-image-578\" src=\"http:\/\/www.itotrans.com\/wp-content\/uploads\/2015\/04\/ship11.jpg\" alt=\"ship11\" width=\"848\" height=\"480\" srcset=\"http:\/\/www.itotrans.com\/wp-content\/uploads\/2015\/04\/ship11.jpg 848w, http:\/\/www.itotrans.com\/wp-content\/uploads\/2015\/04\/ship11-600x340.jpg 600w, http:\/\/www.itotrans.com\/wp-content\/uploads\/2015\/04\/ship11-300x170.jpg 300w, http:\/\/www.itotrans.com\/wp-content\/uploads\/2015\/04\/ship11-768x435.jpg 768w\" sizes=\"(max-width: 848px) 100vw, 848px\" \/><\/p>\n<p><img loading=\"lazy\" class=\"alignnone size-full wp-image-60 alignleft\" src=\"http:\/\/www.itotrans.com\/wp-content\/uploads\/2015\/04\/30.jpg\" alt=\"30\" width=\"848\" height=\"480\" srcset=\"http:\/\/www.itotrans.com\/wp-content\/uploads\/2015\/04\/30.jpg 848w, http:\/\/www.itotrans.com\/wp-content\/uploads\/2015\/04\/30-600x340.jpg 600w, http:\/\/www.itotrans.com\/wp-content\/uploads\/2015\/04\/30-300x170.jpg 300w, http:\/\/www.itotrans.com\/wp-content\/uploads\/2015\/04\/30-768x435.jpg 768w\" sizes=\"(max-width: 848px) 100vw, 848px\" \/><\/p>\n<\/div>\n<\/div>\n<\/div>\n","protected":false},"excerpt":{"rendered":"<p>Denizyolu Tasimaciligi I.T.O Trans uluslararas\u0131 Denizyolu Ta\u015f\u0131mac\u0131l\u0131\u011f\u0131,sekt\u00f6r\u00fcnde geni\u015f ve g\u00fc\u00e7l\u00fc acente a\u011f\u0131m\u0131z ile t\u00fcm T\u00fcrkiye\u2018den t\u00fcm d\u00fcnya limanlar\u0131na; t\u00fcm d\u00fcnya limanlar\u0131ndan t\u00fcm T\u00fcrkiye limanlar\u0131na; m\u00fc\u015fteri ihtiya\u00e7lar\u0131 do\u011frultusunda kap\u0131dan kap\u0131ya konteyner, parsiyel servis, a\u00e7\u0131k-d\u00f6kme y\u00fck, proje ta\u015f\u0131mac\u0131l\u0131\u011f\u0131, gemi kiralama gibi t\u00fcm deniz ve di\u011fer \u00a0nakliye hizmetlerini sunabilmektedir. \u00a0\u00a0FCL\/LCL Konteyner, \u0130thalat \/ \u0130hracat Ta\u015f\u0131malar\u0131 \u00a0T\u00fcrkiye Aktarmal\u0131 Transit &hellip;<\/p>\n","protected":false},"author":2,"featured_media":1776,"parent":0,"menu_order":0,"comment_status":"closed","ping_status":"closed","template":"template-front-page-slider-alt.php","meta":[],"yst_prominent_words":[],"_links":{"self":[{"href":"http:\/\/www.itotrans.com\/tr\/index.php?rest_route=\/wp\/v2\/pages\/1980"}],"collection":[{"href":"http:\/\/www.itotrans.com\/tr\/index.php?rest_route=\/wp\/v2\/pages"}],"about":[{"href":"http:\/\/www.itotrans.com\/tr\/index.php?rest_route=\/wp\/v2\/types\/page"}],"author":[{"embeddable":true,"href":"http:\/\/www.itotrans.com\/tr\/index.php?rest_route=\/wp\/v2\/users\/2"}],"replies":[{"embeddable":true,"href":"http:\/\/www.itotrans.com\/tr\/index.php?rest_route=%2Fwp%2Fv2%2Fcomments&post=1980"}],"version-history":[{"count":8,"href":"http:\/\/www.itotrans.com\/tr\/index.php?rest_route=\/wp\/v2\/pages\/1980\/revisions"}],"predecessor-version":[{"id":2537,"href":"http:\/\/www.itotrans.com\/tr\/index.php?rest_route=\/wp\/v2\/pages\/1980\/revisions\/2537"}],"wp:featuredmedia":[{"embeddable":true,"href":"http:\/\/www.itotrans.com\/tr\/index.php?rest_route=\/wp\/v2\/media\/1776"}],"wp:attachment":[{"href":"http:\/\/www.itotrans.com\/tr\/index.php?rest_route=%2Fwp%2Fv2%2Fmedia&parent=1980"}],"wp:term":[{"taxonomy":"yst_prominent_words","embeddable":true,"href":"http:\/\/www.itotrans.com\/tr\/index.php?rest_route=%2Fwp%2Fv2%2Fyst_prominent_words&post=1980"}],"curies":[{"name":"wp","href":"https:\/\/api.w.org\/{rel}","templated":true}]}}