{"id":1976,"date":"2018-02-20T12:05:18","date_gmt":"2018-02-20T12:05:18","guid":{"rendered":"http:\/\/www.itotrans.com\/?page_id=1976\/"},"modified":"2018-05-12T08:28:54","modified_gmt":"2018-05-12T08:28:54","slug":"havayolu-tasimaciligi","status":"publish","type":"page","link":"http:\/\/www.itotrans.com\/tr\/?page_id=1976","title":{"rendered":"Havayolu Ta\u015f\u0131mac\u0131l\u0131\u011f\u0131"},"content":{"rendered":"<div id=\"pgc-938-0-1\" class=\"panel-grid-cell\" data-weight=\"0.5\">\n<div id=\"panel-938-0-1-0\" class=\"so-panel widget widget_black-studio-tinymce widget_black_studio_tinymce panel-first-child panel-last-child\" data-index=\"1\" data-style=\"{&quot;background_display&quot;:&quot;tile&quot;,&quot;featured_widgets&quot;:&quot;&quot;,&quot;bigger_title&quot;:&quot;&quot;}\">\n<div class=\"textwidget\">\n<h1 dir=\"ltr\">Havayolu tasimacilik<\/h1>\n<p style=\"text-align: left;\"><a href=\"http:\/\/www.itotrans.com\/tr\/\">I.T.O Trans<\/a> Uluslararas\u0131 Havayolu Ta\u015fimacilik Sekt\u00f6r\u00fcnde\u00a0 hava alan\u0131 bulunan t\u00fcm \u00fclkelere hizmet vermekteyiz.<\/p>\n<p style=\"text-align: left;\">Hava yolu ta\u015f\u0131ma sistemlerimiz a\u015fa\u011f\u0131da s\u0131ralanm\u0131\u015ft\u0131r.<\/p>\n<p style=\"text-align: left;\">Acil Hava Kargo<\/p>\n<p style=\"text-align: left;\">Ekonomik Hava Yolu Kargo<\/p>\n<p style=\"text-align: left;\">Esnek Zaman Tan\u0131ml\u0131 Kargo<\/p>\n<p style=\"text-align: left;\">A\u011f\u0131r Hava Yolu Kargo<\/p>\n<p style=\"text-align: left;\">Ya\u015fam Bilimleri Hava Yolu Ta\u015f\u0131mac\u0131l\u0131\u011f\u0131<\/p>\n<p style=\"text-align: left;\">Bozulabilir Malzemeler Hava Ta\u015f\u0131mac\u0131l\u0131\u011f\u0131<\/p>\n<p style=\"text-align: left;\">U\u00e7ak Kiralama Hizmetleri<\/p>\n<p style=\"text-align: left;\">\u00d6zel Kargo<\/p>\n<p style=\"text-align: left;\"><img loading=\"lazy\" class=\"alignnone size-full wp-image-53\" src=\"http:\/\/www.itotrans.com\/wp-content\/uploads\/2015\/04\/23.jpg\" alt=\"23\" width=\"848\" height=\"480\" srcset=\"http:\/\/www.itotrans.com\/wp-content\/uploads\/2015\/04\/23.jpg 848w, http:\/\/www.itotrans.com\/wp-content\/uploads\/2015\/04\/23-600x340.jpg 600w, http:\/\/www.itotrans.com\/wp-content\/uploads\/2015\/04\/23-300x170.jpg 300w, http:\/\/www.itotrans.com\/wp-content\/uploads\/2015\/04\/23-768x435.jpg 768w\" sizes=\"(max-width: 848px) 100vw, 848px\" \/><\/p>\n<div style=\"text-align: left;\"><span style=\"font-family: Arial, Verdana;\">\u00a0yayg\u0131n acente a\u011f\u0131 ve yurt d\u0131\u015f\u0131nda stratejik \u00f6neme sahip noktalardaki lojistik merkezleriyle m\u00fc\u015fterilerine en \u00a0ekonomik yakla\u015f\u0131mla etkin ve kaliteli havayolu \u00a0hizmeti vermektedir. Minumum \u00a0kargodan \u00a0ter \u00a0u\u00e7ak y\u00fcklemelerine \u00a0kadar \u00a0t\u00fcm \u00a0ihtiya\u00e7lar\u0131 \u00f6zenle belirleyip ekonomik navlunlar sa\u011flayabilmektedir.<\/span><\/div>\n<div style=\"text-align: left;\"><span style=\"font-family: Arial, Verdana;\">\u00a0<\/span><\/div>\n<div style=\"text-align: left;\"><span style=\"font-family: Arial, Verdana;\">\u2022 <a href=\"https:\/\/www.facebook.com\/ITO-TRANS-240908076645807\/\">\u0130thalat \/ \u0130hracat<\/a> Ta\u015f\u0131malar\u0131<\/span><\/div>\n<div style=\"text-align: left;\"><span style=\"font-family: Arial, Verdana;\">\u2022 G\u00fc\u00e7l\u00fc Acente A\u011f\u0131<\/span><\/div>\n<div style=\"text-align: left;\"><span style=\"font-family: Arial, Verdana;\">\u2022 D\u00fcnyan\u0131n Her Noktas\u0131ndan Her Noktas\u0131na, Kap\u0131dan Kap\u0131ya Teslimat<\/span><\/div>\n<div style=\"text-align: left;\"><span style=\"font-family: Arial, Verdana;\">\u2022 Proje Ta\u015f\u0131mac\u0131l\u0131\u011f\u0131<\/span><\/div>\n<div style=\"text-align: left;\"><span style=\"font-family: Arial, Verdana;\">\u2022 Transit Y\u00fckleme Ta\u015f\u0131mac\u0131l\u0131\u011f\u0131 ve \u00a0\u00d6zellikli \u00a0kargo \u00a0Ta\u015f\u0131malar\u0131<\/span><\/div>\n<div style=\"text-align: left;\"><span style=\"font-family: Arial, Verdana;\">\u2022 Charter ve Multimodel Hizmetler<\/span><\/div>\n<div style=\"text-align: left;\"><span style=\"font-family: Arial, Verdana;\">\u2022 Kara U\u00e7ak \u00a0ve \u00a0Deniz U\u00e7ak Hizmetleri<\/span><\/div>\n<figure id=\"attachment_590\" aria-describedby=\"caption-attachment-590\" style=\"width: 848px\" class=\"wp-caption alignleft\"><img loading=\"lazy\" class=\"wp-image-590 size-full\" src=\"http:\/\/www.itotrans.com\/wp-content\/uploads\/2015\/04\/cargo_handling_razrewenie_rabochego_stola1.jpg\" alt=\"Havayolu Ta\u015f\u0131mac\u0131l\u0131k\" width=\"848\" height=\"480\" srcset=\"http:\/\/www.itotrans.com\/wp-content\/uploads\/2015\/04\/cargo_handling_razrewenie_rabochego_stola1.jpg 848w, http:\/\/www.itotrans.com\/wp-content\/uploads\/2015\/04\/cargo_handling_razrewenie_rabochego_stola1-600x340.jpg 600w, http:\/\/www.itotrans.com\/wp-content\/uploads\/2015\/04\/cargo_handling_razrewenie_rabochego_stola1-300x170.jpg 300w, http:\/\/www.itotrans.com\/wp-content\/uploads\/2015\/04\/cargo_handling_razrewenie_rabochego_stola1-768x435.jpg 768w\" sizes=\"(max-width: 848px) 100vw, 848px\" \/><figcaption id=\"caption-attachment-590\" class=\"wp-caption-text\">Havayolu Ta\u015f\u0131mac\u0131l\u0131k<\/figcaption><\/figure>\n<\/div>\n<\/div>\n<\/div>\n","protected":false},"excerpt":{"rendered":"<p>Havayolu tasimacilik I.T.O Trans Uluslararas\u0131 Havayolu Ta\u015fimacilik Sekt\u00f6r\u00fcnde\u00a0 hava alan\u0131 bulunan t\u00fcm \u00fclkelere hizmet vermekteyiz. Hava yolu ta\u015f\u0131ma sistemlerimiz a\u015fa\u011f\u0131da s\u0131ralanm\u0131\u015ft\u0131r. Acil Hava Kargo Ekonomik Hava Yolu Kargo Esnek Zaman Tan\u0131ml\u0131 Kargo A\u011f\u0131r Hava Yolu Kargo Ya\u015fam Bilimleri Hava Yolu Ta\u015f\u0131mac\u0131l\u0131\u011f\u0131 Bozulabilir Malzemeler Hava Ta\u015f\u0131mac\u0131l\u0131\u011f\u0131 U\u00e7ak Kiralama Hizmetleri \u00d6zel Kargo \u00a0yayg\u0131n acente a\u011f\u0131 ve yurt &hellip;<\/p>\n","protected":false},"author":2,"featured_media":1665,"parent":0,"menu_order":0,"comment_status":"closed","ping_status":"closed","template":"","meta":[],"yst_prominent_words":[],"_links":{"self":[{"href":"http:\/\/www.itotrans.com\/tr\/index.php?rest_route=\/wp\/v2\/pages\/1976"}],"collection":[{"href":"http:\/\/www.itotrans.com\/tr\/index.php?rest_route=\/wp\/v2\/pages"}],"about":[{"href":"http:\/\/www.itotrans.com\/tr\/index.php?rest_route=\/wp\/v2\/types\/page"}],"author":[{"embeddable":true,"href":"http:\/\/www.itotrans.com\/tr\/index.php?rest_route=\/wp\/v2\/users\/2"}],"replies":[{"embeddable":true,"href":"http:\/\/www.itotrans.com\/tr\/index.php?rest_route=%2Fwp%2Fv2%2Fcomments&post=1976"}],"version-history":[{"count":13,"href":"http:\/\/www.itotrans.com\/tr\/index.php?rest_route=\/wp\/v2\/pages\/1976\/revisions"}],"predecessor-version":[{"id":2455,"href":"http:\/\/www.itotrans.com\/tr\/index.php?rest_route=\/wp\/v2\/pages\/1976\/revisions\/2455"}],"wp:featuredmedia":[{"embeddable":true,"href":"http:\/\/www.itotrans.com\/tr\/index.php?rest_route=\/wp\/v2\/media\/1665"}],"wp:attachment":[{"href":"http:\/\/www.itotrans.com\/tr\/index.php?rest_route=%2Fwp%2Fv2%2Fmedia&parent=1976"}],"wp:term":[{"taxonomy":"yst_prominent_words","embeddable":true,"href":"http:\/\/www.itotrans.com\/tr\/index.php?rest_route=%2Fwp%2Fv2%2Fyst_prominent_words&post=1976"}],"curies":[{"name":"wp","href":"https:\/\/api.w.org\/{rel}","templated":true}]}}