{"id":1973,"date":"2018-02-20T12:01:33","date_gmt":"2018-02-20T12:01:33","guid":{"rendered":"http:\/\/www.itotrans.com\/?page_id=1973\/"},"modified":"2018-05-12T07:25:24","modified_gmt":"2018-05-12T07:25:24","slug":"demiryolu-tasimaciligi","status":"publish","type":"page","link":"http:\/\/www.itotrans.com\/tr\/?page_id=1973","title":{"rendered":"Demiryolu ta\u015f\u0131mac\u0131l\u0131\u011f\u0131"},"content":{"rendered":"<h3 style=\"text-align: left;\">Demiryolu ta\u015f\u0131mac\u0131l\u0131\u011f\u0131<\/h3>\n<p style=\"text-align: left;\">Demiryolu ta\u015f\u0131mac\u0131l\u0131\u011f\u0131, mallar\u0131n uluslararas\u0131 nakliyesinin ba\u015fka bir yoludur. B\u00fcy\u00fck yararlara ra\u011fmen bug\u00fcn m\u00fc\u015fteriler i\u00e7in cazip de\u011fil. Karayolu trafi\u011fi,Kara<\/p>\n<p style=\"text-align: left;\"><a href=\"https:\/\/www.facebook.com\/ITO-TRANS-240908076645807\/\">ta\u015f\u0131mac\u0131l\u0131\u011f\u0131<\/a> ve hava ta\u015f\u0131mac\u0131l\u0131\u011f\u0131ndan sonra y\u00fcksek g\u00fcvenlik, daha fazla refah ve d\u00fc\u015f\u00fck maliyetten dolay\u0131 d\u00fc\u015f\u00fcn\u00fcl\u00fcr ve kullan\u0131labilir. Bu arada demiryolu ta\u015f\u0131mac\u0131l\u0131\u011f\u0131 son y\u0131llarda uluslararas\u0131 ta\u015f\u0131mac\u0131l\u0131kta veya transit ticarette etkili bir rol oynamad\u0131. Ayr\u0131ca, araziyi uluslararas\u0131 nakliye ve mallar\u0131n transit ta\u015f\u0131mac\u0131l\u0131\u011f\u0131nda lider olarak ta\u015f\u0131mak da tablonun en ba\u015f\u0131nda yer almaktad\u0131r. Belki de \u00f6n\u00fcm\u00fczdeki y\u0131llarda, \u00fclkenin ula\u015ft\u0131rma end\u00fcstrisi, d\u00fc\u015f\u00fck risk al\u0131m\u0131n\u0131n avantajlar\u0131ndan biri olan demiryolu ta\u015f\u0131mac\u0131l\u0131\u011f\u0131n\u0131n \u00f6nemini fark etti ve daha \u00e7ok demiryolu ta\u015f\u0131mac\u0131l\u0131\u011f\u0131n\u0131 geli\u015ftirmek i\u00e7in end\u00fcstriyi geli\u015ftirdi. Demiryolu ta\u015f\u0131mac\u0131l\u0131\u011f\u0131n\u0131n kendisi Ta\u015f\u0131mac\u0131l\u0131k sekt\u00f6r\u00fcndeki en \u00f6nemli ekonomik s\u00fctunlardan birinin unvan\u0131 daha ciddi olmaya devam edecek; bu da yetkililerin daha fazla dikkat gerektiriyor. Uluslararas\u0131 nakliye hizmetleri sunan uluslararas\u0131 nakliye \u015firketi <a href=\"http:\/\/www.itotrans.com\/tr\/\">itotrans<\/a>, Demiryollar\u0131 taraf\u0131ndan duyurulmaya haz\u0131rd\u0131r.<\/p>\n<div id=\"pgc-936-0-1\" class=\"panel-grid-cell\" data-weight=\"0.5\">\n<div id=\"panel-936-0-1-0\" class=\"so-panel widget widget_black-studio-tinymce widget_black_studio_tinymce panel-first-child panel-last-child\" data-index=\"1\" data-style=\"{&quot;background_display&quot;:&quot;tile&quot;,&quot;featured_widgets&quot;:&quot;&quot;,&quot;bigger_title&quot;:&quot;&quot;}\">\n<div class=\"textwidget\">\n<p style=\"text-align: left;\"><img loading=\"lazy\" class=\"alignnone size-full wp-image-62\" src=\"http:\/\/www.itotrans.com\/wp-content\/uploads\/2015\/04\/32.jpg\" alt=\"32\" width=\"848\" height=\"480\" srcset=\"http:\/\/www.itotrans.com\/wp-content\/uploads\/2015\/04\/32.jpg 848w, http:\/\/www.itotrans.com\/wp-content\/uploads\/2015\/04\/32-600x340.jpg 600w, http:\/\/www.itotrans.com\/wp-content\/uploads\/2015\/04\/32-300x170.jpg 300w, http:\/\/www.itotrans.com\/wp-content\/uploads\/2015\/04\/32-768x435.jpg 768w\" sizes=\"(max-width: 848px) 100vw, 848px\" \/><\/p>\n<p style=\"text-align: left;\"><img loading=\"lazy\" class=\"alignnone size-full wp-image-586\" src=\"http:\/\/www.itotrans.com\/wp-content\/uploads\/2015\/04\/DTTX_724681_20050529_IL_Rochelle1.jpg\" alt=\"DTTX_724681_20050529_IL_Rochelle1\" width=\"848\" height=\"480\" srcset=\"http:\/\/www.itotrans.com\/wp-content\/uploads\/2015\/04\/DTTX_724681_20050529_IL_Rochelle1.jpg 848w, http:\/\/www.itotrans.com\/wp-content\/uploads\/2015\/04\/DTTX_724681_20050529_IL_Rochelle1-600x340.jpg 600w, http:\/\/www.itotrans.com\/wp-content\/uploads\/2015\/04\/DTTX_724681_20050529_IL_Rochelle1-300x170.jpg 300w, http:\/\/www.itotrans.com\/wp-content\/uploads\/2015\/04\/DTTX_724681_20050529_IL_Rochelle1-768x435.jpg 768w\" sizes=\"(max-width: 848px) 100vw, 848px\" \/><\/p>\n<p><img loading=\"lazy\" class=\"alignnone size-large wp-image-587 alignleft\" src=\"http:\/\/www.itotrans.com\/wp-content\/uploads\/2015\/04\/maxresdefault1.jpg\" alt=\"maxresdefault1\" width=\"848\" height=\"480\" srcset=\"http:\/\/www.itotrans.com\/wp-content\/uploads\/2015\/04\/maxresdefault1.jpg 848w, http:\/\/www.itotrans.com\/wp-content\/uploads\/2015\/04\/maxresdefault1-600x340.jpg 600w, http:\/\/www.itotrans.com\/wp-content\/uploads\/2015\/04\/maxresdefault1-300x170.jpg 300w, http:\/\/www.itotrans.com\/wp-content\/uploads\/2015\/04\/maxresdefault1-768x435.jpg 768w\" sizes=\"(max-width: 848px) 100vw, 848px\" \/><\/p>\n<\/div>\n<\/div>\n<\/div>\n","protected":false},"excerpt":{"rendered":"<p>Demiryolu ta\u015f\u0131mac\u0131l\u0131\u011f\u0131 Demiryolu ta\u015f\u0131mac\u0131l\u0131\u011f\u0131, mallar\u0131n uluslararas\u0131 nakliyesinin ba\u015fka bir yoludur. B\u00fcy\u00fck yararlara ra\u011fmen bug\u00fcn m\u00fc\u015fteriler i\u00e7in cazip de\u011fil. Karayolu trafi\u011fi,Kara ta\u015f\u0131mac\u0131l\u0131\u011f\u0131 ve hava ta\u015f\u0131mac\u0131l\u0131\u011f\u0131ndan sonra y\u00fcksek g\u00fcvenlik, daha fazla refah ve d\u00fc\u015f\u00fck maliyetten dolay\u0131 d\u00fc\u015f\u00fcn\u00fcl\u00fcr ve kullan\u0131labilir. Bu arada demiryolu ta\u015f\u0131mac\u0131l\u0131\u011f\u0131 son y\u0131llarda uluslararas\u0131 ta\u015f\u0131mac\u0131l\u0131kta veya transit ticarette etkili bir rol oynamad\u0131. Ayr\u0131ca, araziyi uluslararas\u0131 &hellip;<\/p>\n","protected":false},"author":2,"featured_media":62,"parent":0,"menu_order":0,"comment_status":"closed","ping_status":"closed","template":"","meta":[],"yst_prominent_words":[],"_links":{"self":[{"href":"http:\/\/www.itotrans.com\/tr\/index.php?rest_route=\/wp\/v2\/pages\/1973"}],"collection":[{"href":"http:\/\/www.itotrans.com\/tr\/index.php?rest_route=\/wp\/v2\/pages"}],"about":[{"href":"http:\/\/www.itotrans.com\/tr\/index.php?rest_route=\/wp\/v2\/types\/page"}],"author":[{"embeddable":true,"href":"http:\/\/www.itotrans.com\/tr\/index.php?rest_route=\/wp\/v2\/users\/2"}],"replies":[{"embeddable":true,"href":"http:\/\/www.itotrans.com\/tr\/index.php?rest_route=%2Fwp%2Fv2%2Fcomments&post=1973"}],"version-history":[{"count":5,"href":"http:\/\/www.itotrans.com\/tr\/index.php?rest_route=\/wp\/v2\/pages\/1973\/revisions"}],"predecessor-version":[{"id":2444,"href":"http:\/\/www.itotrans.com\/tr\/index.php?rest_route=\/wp\/v2\/pages\/1973\/revisions\/2444"}],"wp:featuredmedia":[{"embeddable":true,"href":"http:\/\/www.itotrans.com\/tr\/index.php?rest_route=\/wp\/v2\/media\/62"}],"wp:attachment":[{"href":"http:\/\/www.itotrans.com\/tr\/index.php?rest_route=%2Fwp%2Fv2%2Fmedia&parent=1973"}],"wp:term":[{"taxonomy":"yst_prominent_words","embeddable":true,"href":"http:\/\/www.itotrans.com\/tr\/index.php?rest_route=%2Fwp%2Fv2%2Fyst_prominent_words&post=1973"}],"curies":[{"name":"wp","href":"https:\/\/api.w.org\/{rel}","templated":true}]}}