{"id":1969,"date":"2018-02-20T09:46:18","date_gmt":"2018-02-20T09:46:18","guid":{"rendered":"http:\/\/www.itotrans.com\/?page_id=1969\/"},"modified":"2018-12-04T08:02:47","modified_gmt":"2018-12-04T08:02:47","slug":"depolama","status":"publish","type":"page","link":"http:\/\/www.itotrans.com\/tr\/?page_id=1969","title":{"rendered":"Depolama"},"content":{"rendered":"<p>Depolama<\/p>\n<h2 dir=\"Depolama\"><\/h2>\n<h2 dir=\"ltr\"><a href=\"https:\/\/www.facebook.com\/ITO-TRANS-240908076645807\">Depolama<\/a><\/h2>\n<h2 dir=\"ltr\">I.T.O.TRANS&#8217;in \u0130stanbul&#8217;da 2 b\u00fcy\u00fck deposu bulunmakta ve<\/h2>\n<p style=\"text-align: left;\">Yurtd\u0131\u015f\u0131ndan adresten teslim al\u0131nmas\u0131ndan nihai t\u00fcketiciye teslimini kapsayan lojistik zinciri uzman kadromuzla organize edilmektedir. Kap\u0131dan kap\u0131ya teslim prensibinde lojisti\u011fi i\u015f yo\u011funlu\u011funuzun aras\u0131ndan \u00e7ekiyoruz.<\/p>\n<p style=\"text-align: left;\">Ayr\u0131ca, bize g\u00f6nderilerini g\u00f6ndermeyen m\u00fc\u015fterilerimiz ve meslekta\u015flar\u0131m\u0131z, depolar\u0131m\u0131z\u0131 kullanabilir ve depolar\u0131m\u0131zda mallar\u0131m\u0131z\u0131 elden \u00e7\u0131karabilirler.<\/p>\n<div id=\"pgc-912-0-1\" class=\"panel-grid-cell\" data-weight=\"0.5\">\n<div id=\"panel-912-0-1-0\" class=\"so-panel widget widget_black-studio-tinymce widget_black_studio_tinymce panel-first-child panel-last-child\" data-index=\"1\" data-style=\"{&quot;background_display&quot;:&quot;tile&quot;,&quot;featured_widgets&quot;:&quot;&quot;,&quot;bigger_title&quot;:&quot;&quot;}\">\n<div class=\"textwidget\">\n<p style=\"text-align: left;\"><img loading=\"lazy\" class=\"alignnone size-full wp-image-74\" src=\"http:\/\/www.itotrans.com\/wp-content\/uploads\/2015\/04\/44.jpg\" alt=\"44\" width=\"848\" height=\"480\" srcset=\"http:\/\/www.itotrans.com\/wp-content\/uploads\/2015\/04\/44.jpg 848w, http:\/\/www.itotrans.com\/wp-content\/uploads\/2015\/04\/44-600x340.jpg 600w, http:\/\/www.itotrans.com\/wp-content\/uploads\/2015\/04\/44-300x170.jpg 300w, http:\/\/www.itotrans.com\/wp-content\/uploads\/2015\/04\/44-768x435.jpg 768w\" sizes=\"(max-width: 848px) 100vw, 848px\" \/><\/p>\n<p dir=\"ltr\">\n<p style=\"text-align: left;\"><strong>Son teknoloji ve yeniliklerle<\/strong>\u00a0antrepomuzun limanlara yak\u0131nl\u0131\u011f\u0131 ile t\u00fcm ithalat ve ihracat m\u00fc\u015fterilerine avantaj sa\u011flayaca\u011f\u0131 d\u00fc\u015f\u00fcncesindeyiz. Her t\u00fcrl\u00fc sekt\u00f6re hitap eden antrepomuzda ya\u015f meyve-sebze d\u0131\u015f\u0131ndaki her t\u00fcrl\u00fc mallar\u0131n depolanmas\u0131 ve di\u011fer b\u00f6lgelere sevk edilmesi m\u00fcmk\u00fcnd\u00fcr.<\/p>\n<figure id=\"attachment_31\" aria-describedby=\"caption-attachment-31\" style=\"width: 848px\" class=\"wp-caption alignleft\"><img loading=\"lazy\" class=\"wp-image-31 size-full\" src=\"http:\/\/www.itotrans.com\/wp-content\/uploads\/2015\/04\/1.jpg\" alt=\"Depolama\" width=\"848\" height=\"480\" srcset=\"http:\/\/www.itotrans.com\/wp-content\/uploads\/2015\/04\/1.jpg 848w, http:\/\/www.itotrans.com\/wp-content\/uploads\/2015\/04\/1-600x340.jpg 600w, http:\/\/www.itotrans.com\/wp-content\/uploads\/2015\/04\/1-300x170.jpg 300w, http:\/\/www.itotrans.com\/wp-content\/uploads\/2015\/04\/1-768x435.jpg 768w\" sizes=\"(max-width: 848px) 100vw, 848px\" \/><figcaption id=\"caption-attachment-31\" class=\"wp-caption-text\">Depolama<\/figcaption><\/figure>\n<p>&nbsp;<\/p>\n<p>&nbsp;<\/p>\n<p>&nbsp;<\/p>\n<p>&nbsp;<\/p>\n<p>&nbsp;<\/p>\n<p>&nbsp;<\/p>\n<p>&nbsp;<\/p>\n<p>&nbsp;<\/p>\n<p>&nbsp;<\/p>\n<p>&nbsp;<\/p>\n<p>&nbsp;<\/p>\n<p>&nbsp;<\/p>\n<p>&nbsp;<\/p>\n<p>&nbsp;<\/p>\n<p style=\"text-align: left;\"><a href=\"http:\/\/www.itotrans.com\/tr\/\">ITO TRANS<\/a> ULUSLARARASI NAKL\u0130YE \u015e\u0130RKET\u0130 TURK\u0130YEDEN \u0130RAN&#8217;A KARA VE PARSYEL VA HAVA TA\u015e\u0130MAC\u0130L\u0130K \u0130RAN&#8217;DA GUMRUKLEME<\/p>\n<\/div>\n<\/div>\n<\/div>\n","protected":false},"excerpt":{"rendered":"<p>Depolama Depolama I.T.O.TRANS&#8217;in \u0130stanbul&#8217;da 2 b\u00fcy\u00fck deposu bulunmakta ve Yurtd\u0131\u015f\u0131ndan adresten teslim al\u0131nmas\u0131ndan nihai t\u00fcketiciye teslimini kapsayan lojistik zinciri uzman kadromuzla organize edilmektedir. Kap\u0131dan kap\u0131ya teslim prensibinde lojisti\u011fi i\u015f yo\u011funlu\u011funuzun aras\u0131ndan \u00e7ekiyoruz. Ayr\u0131ca, bize g\u00f6nderilerini g\u00f6ndermeyen m\u00fc\u015fterilerimiz ve meslekta\u015flar\u0131m\u0131z, depolar\u0131m\u0131z\u0131 kullanabilir ve depolar\u0131m\u0131zda mallar\u0131m\u0131z\u0131 elden \u00e7\u0131karabilirler. Son teknoloji ve yeniliklerle\u00a0antrepomuzun limanlara yak\u0131nl\u0131\u011f\u0131 ile t\u00fcm ithalat &hellip;<\/p>\n","protected":false},"author":2,"featured_media":34,"parent":0,"menu_order":0,"comment_status":"closed","ping_status":"closed","template":"","meta":[],"yst_prominent_words":[],"_links":{"self":[{"href":"http:\/\/www.itotrans.com\/tr\/index.php?rest_route=\/wp\/v2\/pages\/1969"}],"collection":[{"href":"http:\/\/www.itotrans.com\/tr\/index.php?rest_route=\/wp\/v2\/pages"}],"about":[{"href":"http:\/\/www.itotrans.com\/tr\/index.php?rest_route=\/wp\/v2\/types\/page"}],"author":[{"embeddable":true,"href":"http:\/\/www.itotrans.com\/tr\/index.php?rest_route=\/wp\/v2\/users\/2"}],"replies":[{"embeddable":true,"href":"http:\/\/www.itotrans.com\/tr\/index.php?rest_route=%2Fwp%2Fv2%2Fcomments&post=1969"}],"version-history":[{"count":14,"href":"http:\/\/www.itotrans.com\/tr\/index.php?rest_route=\/wp\/v2\/pages\/1969\/revisions"}],"predecessor-version":[{"id":2442,"href":"http:\/\/www.itotrans.com\/tr\/index.php?rest_route=\/wp\/v2\/pages\/1969\/revisions\/2442"}],"wp:featuredmedia":[{"embeddable":true,"href":"http:\/\/www.itotrans.com\/tr\/index.php?rest_route=\/wp\/v2\/media\/34"}],"wp:attachment":[{"href":"http:\/\/www.itotrans.com\/tr\/index.php?rest_route=%2Fwp%2Fv2%2Fmedia&parent=1969"}],"wp:term":[{"taxonomy":"yst_prominent_words","embeddable":true,"href":"http:\/\/www.itotrans.com\/tr\/index.php?rest_route=%2Fwp%2Fv2%2Fyst_prominent_words&post=1969"}],"curies":[{"name":"wp","href":"https:\/\/api.w.org\/{rel}","templated":true}]}}