{"id":1084,"date":"2016-07-26T13:34:59","date_gmt":"2016-07-26T13:34:59","guid":{"rendered":"http:\/\/test.haamichem.com\/%d9%85%d8%b4%d8%a7%d8%b1%da%a9%d8%aa-%d8%af%d8%b1-%d8%ae%d8%b1%db%8c%d8%af\/"},"modified":"2017-08-14T08:42:02","modified_gmt":"2017-08-14T08:42:02","slug":"katilimi-satin-al","status":"publish","type":"page","link":"http:\/\/www.itotrans.com\/tr\/?page_id=1084","title":{"rendered":"Kat\u0131l\u0131m\u0131 sat\u0131n al"},"content":{"rendered":"<div id=\"pl-1084\"  class=\"panel-layout\" ><div id=\"pg-1084-0\"  class=\"panel-grid panel-no-style\" ><div id=\"pgc-1084-0-0\"  class=\"panel-grid-cell\" ><div id=\"panel-1084-0-0-0\" class=\"so-panel widget widget_black-studio-tinymce widget_black_studio_tinymce panel-first-child panel-last-child\" data-index=\"0\" ><h3 class=\"widget-title\"><span class=\"widget-title__inline\">Sat\u0131n alma i\u015flemine kat\u0131lmak<\/span><\/h3><div class=\"textwidget\"><p>I.T.O.Trans \u015eirketi, bizimle sat\u0131n almay\u0131 planlayan sahiplerle ortakl\u0131klar sat\u0131n alma iste\u011fini duyurdu.<\/p>\n<p>Bunu yapman\u0131n s\u00fcreci, \u0130ranl\u0131 yat\u0131r\u0131mc\u0131n\u0131n, T\u00fcrk esnaf ve toptanc\u0131lar\u0131ndan sat\u0131n ald\u0131\u011f\u0131 bir sevkiyat\u0131n teslimat\u0131 ve sevk\u0131yat\u0131n de\u011ferinin% 50'sini bize \u00f6demesi ile ITOTrans'\u0131n tam de\u011feri \u00f6deyen ger\u00e7ek bir avukat oldu\u011fu bir s\u00f6zle\u015fmedir. Mallar \u00dclkeye teslim edilecek ve \u0130ran'a mal g\u00f6nderiyorsunuz ve \u0130ran'\u0131n depolar\u0131ndaki y\u00fck\u00fc g\u00f6nderdikten ve onaylayan a\u015famalardan sonra, mal sahipleri bir araya getirilebilir ve teslim al\u0131nan t\u00fcm mallar\u0131 kontrol s\u00fcrecini tamamlarlar<\/p>\n<p>Veya ma\u011fazam\u0131z\u0131 ve \u00fcr\u00fcnlerini tan\u0131tarak, s\u00f6zle\u015fmenin toplam bedelinin% 50'sini \u00f6deyerek, \u015firketimizin CGO ekibi olan ITOTrans'de bu alandaki bilgi ve tecr\u00fcbeyle al\u0131\u015fveri\u015f yapabilirler. Mallar\u0131n k\u0131sa s\u00fcrede toplanmas\u0131 ve \u0130ran'a mal g\u00f6nderilmesi ve \u0130ran depolar\u0131ndaki y\u00fcklerin g\u00f6nderilmesi ve teyit a\u015famalar\u0131n\u0131n ard\u0131ndan mallar\u0131n sahipleri mevcut olabilir ve teslim al\u0131nan t\u00fcm mallar\u0131 kontrol s\u00fcrecini tamamlayabilirler<\/p>\n<\/div><\/div><\/div><div id=\"pgc-1084-0-1\"  class=\"panel-grid-cell\" ><div id=\"panel-1084-0-1-0\" class=\"so-panel widget widget_black-studio-tinymce widget_black_studio_tinymce panel-first-child panel-last-child\" data-index=\"1\" ><div class=\"textwidget\"><p><img class=\"alignnone size-full wp-image-39\" src=\"http:\/\/www.itotrans.com\/wp-content\/uploads\/2015\/04\/9.jpg\" alt=\"9\" width=\"848\" height=\"480\" \/> <img class=\"alignnone size-full wp-image-41\" src=\"http:\/\/www.itotrans.com\/wp-content\/uploads\/2015\/04\/11.jpg\" alt=\"11\" width=\"848\" height=\"480\" \/><\/p>\n<\/div><\/div><\/div><\/div><\/div>","protected":false},"excerpt":{"rendered":"<p>Sat\u0131n alma i\u015flemine kat\u0131lmakI.T.O.Trans \u015eirketi, bizimle sat\u0131n almay\u0131 planlayan sahiplerle ortakl\u0131klar sat\u0131n alma iste\u011fini duyurdu. Bunu yapman\u0131n s\u00fcreci, \u0130ranl\u0131 yat\u0131r\u0131mc\u0131n\u0131n, T\u00fcrk esnaf ve toptanc\u0131lar\u0131ndan sat\u0131n ald\u0131\u011f\u0131 bir sevkiyat\u0131n teslimat\u0131 ve sevk\u0131yat\u0131n de\u011ferinin% 50&#8217;sini bize \u00f6demesi ile ITOTrans&#8217;\u0131n tam de\u011feri \u00f6deyen ger\u00e7ek bir avukat oldu\u011fu bir s\u00f6zle\u015fmedir. Mallar \u00dclkeye teslim edilecek ve \u0130ran&#8217;a mal g\u00f6nderiyorsunuz ve &hellip;<\/p>\n","protected":false},"author":2,"featured_media":0,"parent":0,"menu_order":0,"comment_status":"closed","ping_status":"closed","template":"","meta":[],"yst_prominent_words":[],"_links":{"self":[{"href":"http:\/\/www.itotrans.com\/tr\/index.php?rest_route=\/wp\/v2\/pages\/1084"}],"collection":[{"href":"http:\/\/www.itotrans.com\/tr\/index.php?rest_route=\/wp\/v2\/pages"}],"about":[{"href":"http:\/\/www.itotrans.com\/tr\/index.php?rest_route=\/wp\/v2\/types\/page"}],"author":[{"embeddable":true,"href":"http:\/\/www.itotrans.com\/tr\/index.php?rest_route=\/wp\/v2\/users\/2"}],"replies":[{"embeddable":true,"href":"http:\/\/www.itotrans.com\/tr\/index.php?rest_route=%2Fwp%2Fv2%2Fcomments&post=1084"}],"version-history":[{"count":4,"href":"http:\/\/www.itotrans.com\/tr\/index.php?rest_route=\/wp\/v2\/pages\/1084\/revisions"}],"predecessor-version":[{"id":1339,"href":"http:\/\/www.itotrans.com\/tr\/index.php?rest_route=\/wp\/v2\/pages\/1084\/revisions\/1339"}],"wp:attachment":[{"href":"http:\/\/www.itotrans.com\/tr\/index.php?rest_route=%2Fwp%2Fv2%2Fmedia&parent=1084"}],"wp:term":[{"taxonomy":"yst_prominent_words","embeddable":true,"href":"http:\/\/www.itotrans.com\/tr\/index.php?rest_route=%2Fwp%2Fv2%2Fyst_prominent_words&post=1084"}],"curies":[{"name":"wp","href":"https:\/\/api.w.org\/{rel}","templated":true}]}}