{"id":2888,"date":"2019-03-27T21:43:06","date_gmt":"2019-03-27T21:43:06","guid":{"rendered":"http:\/\/www.itotrans.com\/?page_id=2888\/"},"modified":"2019-03-28T12:27:36","modified_gmt":"2019-03-28T12:27:36","slug":"maritime-transport","status":"publish","type":"page","link":"http:\/\/www.itotrans.com\/en\/?page_id=2888","title":{"rendered":"Maritime Transport"},"content":{"rendered":"<div id=\"yarim1\">\n<p style=\"text-align: left;\">With a large network of agencies that have maritime transportation complex (FCL), partial (LCL) payload; standard, open top, refeer, flatrack, high cube and tank container and so on.\u00a0<b><a href=\"http:\/\/www.itotrans.com\/\/en\">I.T.O Trans<\/a>\u00a0<\/b>, which has the ability to provide integrated solutions through its experience, expertise and infrastructure, is able to provide customers with different destinations and customers offers intermodal options such as land-sea, sea-rail according to your needs.<\/p>\n<p style=\"text-align: left;\">We develop and support our mission with agency network and through Maritime options.<\/p>\n<p style=\"text-align: left;\">\u2022<a href=\"http:\/\/www.itotr.com\">Import\/Export<\/a> Transports<br \/>\n\u2022FCL\/LCL Container Transports<br \/>\n\u2022FCL \/ LCL Import and Export service<br \/>\n\u2022Open top, Platform, Flat Rack container transport<br \/>\n\u2022Regular Weekly Journeys<br \/>\n\u2022Direct Journeys<br \/>\n\u2022Connected Journeys<br \/>\n\u2022Turkey Connected Transit Transports<br \/>\n\u2022Special Container Options (Reefer, Isotank etc.)<br \/>\n\u2022Clearance and Insurance Operations<br \/>\n\u2022Document Delivery on Time and Regularly<br \/>\n\u2022Fast, Safe and Economic Service<br \/>\n\u2022Fair Loadings<br \/>\n\u2022Open Loading<br \/>\n\u2022Turkey Ports<br \/>\n\u2022Connected Transit Transports<br \/>\n\u2022Bulk container &amp; ship &amp; part cargo transport<br \/>\n\u2022Project transportations<\/p>\n<\/div>\n<div id=\"yarim2\" style=\"text-align: left;\">\n<p><img loading=\"lazy\" class=\"alignnone size-full wp-image-1797\" src=\"http:\/\/www.itotrans.com\/wp-content\/uploads\/2015\/04\/solbergscott-common-page-banner-1.jpg\" alt=\"Maritime Transport\" width=\"940\" height=\"256\" srcset=\"http:\/\/www.itotrans.com\/wp-content\/uploads\/2015\/04\/solbergscott-common-page-banner-1.jpg 940w, http:\/\/www.itotrans.com\/wp-content\/uploads\/2015\/04\/solbergscott-common-page-banner-1-600x163.jpg 600w, http:\/\/www.itotrans.com\/wp-content\/uploads\/2015\/04\/solbergscott-common-page-banner-1-300x82.jpg 300w, http:\/\/www.itotrans.com\/wp-content\/uploads\/2015\/04\/solbergscott-common-page-banner-1-768x209.jpg 768w\" sizes=\"(max-width: 940px) 100vw, 940px\" \/><\/p>\n<p><strong>PORTS WE SERVE\u00a0<\/strong><\/p>\n<\/div>\n<p style=\"text-align: left;\">\u2022Ports in Turkey:<br \/>\nGemlik, Hopa, \u0130skenderun, Haydarpa\u015fa, Ambarl\u0131, \u0130zmir, Evyap, Y\u0131lport, Derince, Mersin, Samsun, Trabzon<br \/>\n\u2022Ports in USA:<br \/>\nAnchorage, Baltimore, Boston, Charleston, Chicago, Duluth, HamptonRoads, Honolulu, Houston, Jacksonville, Los Angeles, New Orleans, New York, Philadelphia, Canaveral, Portland, Prudhoe Bay, San Francisco, Savannah, Seattle, Tampa, Toledo<br \/>\n\u2022Ports in Germany:<br \/>\nBerlin, Bonn, Brake, Bremen, Bremerhaven, Cologne, Dresden, Duisburg, Emden, Hamburg, Karlsruhe, Kiel, Luebeck, Magdeburg, Mannheim, Rostock, Stuttgart<br \/>\n\u2022Ports in Argentine:<br \/>\nBahiaBlanca, Buenos Aires, ComodoroRivadavia, Concepcion del Uruguay, La Plata, Mar Del Plata, Necochea, Rio Gallegos, Rosario, Santa Fe, Ushuaia<br \/>\n\u2022Ports in Albania:<br \/>\nDurres, Sarande, Shengjin, Vlore<br \/>\n\u2022Ports in Australia:<br \/>\nAdelaide, Brisbane, Cairns, Darwin, Devonport, Fremantle, Geelong, Hobart (Tasmania), Launceston, Mackay, Melbourne, Sydney, Townsville<br \/>\n\u2022Ports in Austria:<br \/>\nLinz, Vienna, Enns, Krems<br \/>\n\u2022Ports in Azerbaijan:<br \/>\nBaku<br \/>\n\u2022Ports in Bahreyn:<br \/>\nManama, Mina Salman, Sitrah<br \/>\n\u2022Ports in Bangladesh:<br \/>\nChittagong, Dakka, Mongla, Narayanganj<br \/>\n\u2022Ports in Belgium:<br \/>\nAntwerp, Brugge, Gent, Hasselt, Liege, Mons, Namur, Oostende, Zeebrugge<br \/>\n\u2022Ports in United Arab Emirates (UAE):<br \/>\nAjman, Al Fujayrah, Das Adas\u0131, Dubai, KhawrFakkan, Mina Jabal Ali, Mina Khalid, Mina Rashid, Mina Saqr, Mina Zayid, Umm al Qaywayn, Jebel Ali, Abu Dhabi<br \/>\n\u2022Ports in Bosnia Herzegovina:<br \/>\nBosanskaGradiska, BosanskiBrod, BosanskiSamac, BrckoOrasje<br \/>\n\u2022Ports in Brasil:<br \/>\nBelem, Fortaleza, Ilheus, Imbituba, Manaus, Paranagua, Porto Alegre, Recife, Rio de Janeiro, Rio Grande, Salvador, Santos, Vitoria<br \/>\n\u2022Ports in Bulgaria:<br \/>\nBurgas, Lom, Nesebur, Ruse, Varna, Vidin<br \/>\n\u2022Ports in Czech Republic:<br \/>\nDecin, Prague, UstinadLabem<br \/>\n\u2022Ports in People\u2019s Rpublic of China:<br \/>\nHong Kong, Dalian, Fuzhou, Guangzhou, Haikou, Huangpu, Lianyungang, Nanjing, Nantong, Ningbo, Qingdao, Qinhuangdao, Shanghai, Shantou, Tianjin, Xiamen, Xingang, Yantai, Zhanjiang<br \/>\n\u2022Ports in Denmark:<br \/>\nAbenra, Alborg, Arhus, Copenhagen, Esbjerg, Fredericia, Kolding, Odense, Roenne, Vejle<br \/>\n\u2022Ports in Indenosia:<br \/>\nCilacap, Cirebon, Jakarta, Kupang, Makassar, Palembang, Semarang, Surabaya<br \/>\n\u2022Ports in Estonia:<br \/>\nHaapsalu, Kunda, Muuga, Paldiski, Parnu, Tallinn<br \/>\n\u2022Ports in South Africa:<br \/>\nCape Town, Durban, Do\u011fu Londra, Mosselbaai, Elizabeth, Richards K\u00f6rfezi, Saldanha<br \/>\n\u2022Ports in South Korea:<br \/>\nChinhae, Inch&#8217;on, Kunsan, Masan, Mokp&#8217;o, P&#8217;ohang, Pusan, Tonghae-hang, Ulsan, Yosu<br \/>\n\u2022Ports in Georgia:<br \/>\nBatum, Poti, Sokhumi<br \/>\n\u2022Ports in India:<br \/>\nChennai, Cochin, JawaharalNehru, Kandla, Kolkata, Mumbai, Vishakhapatnam<br \/>\n\u2022Ports in Holland:<br \/>\nAmsterdam, Delfzijl, Dordrecht, Eemshaven, Groningen, Haarlem, Ijmuiden, Maastricht, Rotterdam, Terneuzen, Utrecht, Vlissingen<br \/>\n\u2022Ports in Iraq:<br \/>\nUmmQasr, Khawr az Zubayr ve Al Basrah<br \/>\n\u2022Ports in England:<br \/>\nAberdeen, Belfast, Bristol, Cardiff, Dover, Falmouth, Felixstowe, Glasgow, Grangemouth, Hull, Leith, Liverpool, London, Manchester, Peterhead, Plymouth, Portsmouth, ScapaFlow, Southampton, SullomVoe, Tees, Tyne<br \/>\n\u2022Ports in Spain:<br \/>\nAviles, Barcelona, Bilbao, Cadiz, Cartagena, Castellon de la Plana, Ceuta, Huelva, La Coruna, LasPalmas, Malaga, Melilla, Pasajes, Gijon, SantaCruz de TenerifeSantander, Tarragona, Valencia, Vigo,<br \/>\n\u2022Ports in Israel:<br \/>\nAshdod, Ashqelon, Elat (Eilat), Hadera, Haifa, Tel Aviv-Yafo<br \/>\n\u2022Ports in Sweden:<br \/>\nGavle, Goteborg, Halmstad, Helsingborg, Hudiksvall, Kalmar, Karlshamn, Malmo, Solvesborg, Stockholm, Sundsvall,<\/p>\n<div style=\"text-align: left;\"><\/div>\n","protected":false},"excerpt":{"rendered":"<p>With a large network of agencies that have maritime transportation complex (FCL), partial (LCL) payload; standard, open top, refeer, flatrack, high cube and tank container and so on.\u00a0I.T.O Trans\u00a0, which has the ability to provide integrated solutions through its experience, expertise and infrastructure, is able to provide customers with different destinations and customers offers intermodal &hellip;<\/p>\n","protected":false},"author":2,"featured_media":1776,"parent":0,"menu_order":0,"comment_status":"closed","ping_status":"closed","template":"","meta":[],"yst_prominent_words":[],"_links":{"self":[{"href":"http:\/\/www.itotrans.com\/en\/index.php?rest_route=\/wp\/v2\/pages\/2888"}],"collection":[{"href":"http:\/\/www.itotrans.com\/en\/index.php?rest_route=\/wp\/v2\/pages"}],"about":[{"href":"http:\/\/www.itotrans.com\/en\/index.php?rest_route=\/wp\/v2\/types\/page"}],"author":[{"embeddable":true,"href":"http:\/\/www.itotrans.com\/en\/index.php?rest_route=\/wp\/v2\/users\/2"}],"replies":[{"embeddable":true,"href":"http:\/\/www.itotrans.com\/en\/index.php?rest_route=%2Fwp%2Fv2%2Fcomments&post=2888"}],"version-history":[{"count":2,"href":"http:\/\/www.itotrans.com\/en\/index.php?rest_route=\/wp\/v2\/pages\/2888\/revisions"}],"predecessor-version":[{"id":2892,"href":"http:\/\/www.itotrans.com\/en\/index.php?rest_route=\/wp\/v2\/pages\/2888\/revisions\/2892"}],"wp:featuredmedia":[{"embeddable":true,"href":"http:\/\/www.itotrans.com\/en\/index.php?rest_route=\/wp\/v2\/media\/1776"}],"wp:attachment":[{"href":"http:\/\/www.itotrans.com\/en\/index.php?rest_route=%2Fwp%2Fv2%2Fmedia&parent=2888"}],"wp:term":[{"taxonomy":"yst_prominent_words","embeddable":true,"href":"http:\/\/www.itotrans.com\/en\/index.php?rest_route=%2Fwp%2Fv2%2Fyst_prominent_words&post=2888"}],"curies":[{"name":"wp","href":"https:\/\/api.w.org\/{rel}","templated":true}]}}